{"id":1612,"date":"2022-04-11T12:43:17","date_gmt":"2022-04-11T11:43:17","guid":{"rendered":"https:\/\/www.craag.dz\/teste\/?page_id=1612"},"modified":"2022-04-11T13:02:46","modified_gmt":"2022-04-11T12:02:46","slug":"presentation-craag","status":"publish","type":"page","link":"https:\/\/www.craag.dz\/index.php\/presentation-craag\/","title":{"rendered":"Pr\u00e9sentation CRAAG"},"content":{"rendered":"\t\t<div data-elementor-type=\"wp-page\" data-elementor-id=\"1612\" class=\"elementor elementor-1612\">\n\t\t\t\t\t\t<section class=\"has_eae_slider elementor-section elementor-top-section elementor-element elementor-element-0e89dc9 elementor-section-boxed elementor-section-height-default elementor-section-height-default\" data-id=\"0e89dc9\" data-element_type=\"section\">\n\t\t\t\t\t\t<div class=\"elementor-container elementor-column-gap-default\">\n\t\t\t\t\t<div class=\"has_eae_slider elementor-column elementor-col-100 elementor-top-column elementor-element elementor-element-5b2b387\" data-id=\"5b2b387\" data-element_type=\"column\">\n\t\t\t<div class=\"elementor-widget-wrap elementor-element-populated\">\n\t\t\t\t\t\t<div class=\"elementor-element elementor-element-bb0d8ca elementor-widget elementor-widget-spacer\" data-id=\"bb0d8ca\" data-element_type=\"widget\" data-widget_type=\"spacer.default\">\n\t\t\t\t<div class=\"elementor-widget-container\">\n\t\t\t\t\t<div class=\"elementor-spacer\">\n\t\t\t<div class=\"elementor-spacer-inner\"><\/div>\n\t\t<\/div>\n\t\t\t\t<\/div>\n\t\t\t\t<\/div>\n\t\t\t\t<div class=\"elementor-element elementor-element-9daf986 gallery-spacing-custom elementor-widget elementor-widget-image-gallery\" data-id=\"9daf986\" data-element_type=\"widget\" data-widget_type=\"image-gallery.default\">\n\t\t\t\t<div class=\"elementor-widget-container\">\n\t\t\t\t\t<div class=\"elementor-image-gallery\">\n\t\t\t<div id='gallery-1' class='gallery galleryid-1612 gallery-columns-6 gallery-size-medium_large'><figure class='gallery-item'>\n\t\t\t<div class='gallery-icon landscape'>\n\t\t\t\t<a data-elementor-open-lightbox=\"yes\" data-elementor-lightbox-slideshow=\"9daf986\" data-elementor-lightbox-title=\"DSC_0414\" data-e-action-hash=\"#elementor-action%3Aaction%3Dlightbox%26settings%3DeyJpZCI6MTU1MCwidXJsIjoiaHR0cHM6XC9cL3d3dy5jcmFhZy5kelwvd3AtY29udGVudFwvdXBsb2Fkc1wvMjAyMlwvMDRcL0RTQ18wNDE0LmpwZyIsInNsaWRlc2hvdyI6IjlkYWY5ODYifQ%3D%3D\" href='https:\/\/www.craag.dz\/wp-content\/uploads\/2022\/04\/DSC_0414.jpg'><img fetchpriority=\"high\" decoding=\"async\" width=\"768\" height=\"514\" src=\"https:\/\/www.craag.dz\/wp-content\/uploads\/2022\/04\/DSC_0414-768x514.jpg\" class=\"attachment-medium_large size-medium_large\" alt=\"\" srcset=\"https:\/\/www.craag.dz\/wp-content\/uploads\/2022\/04\/DSC_0414-768x514.jpg 768w, https:\/\/www.craag.dz\/wp-content\/uploads\/2022\/04\/DSC_0414-300x201.jpg 300w, https:\/\/www.craag.dz\/wp-content\/uploads\/2022\/04\/DSC_0414-1024x685.jpg 1024w, https:\/\/www.craag.dz\/wp-content\/uploads\/2022\/04\/DSC_0414.jpg 1200w\" sizes=\"(max-width: 768px) 100vw, 768px\" \/><\/a>\n\t\t\t<\/div><\/figure><figure class='gallery-item'>\n\t\t\t<div class='gallery-icon landscape'>\n\t\t\t\t<a data-elementor-open-lightbox=\"yes\" data-elementor-lightbox-slideshow=\"9daf986\" data-elementor-lightbox-title=\"DSC_0186\" data-e-action-hash=\"#elementor-action%3Aaction%3Dlightbox%26settings%3DeyJpZCI6MTU1MSwidXJsIjoiaHR0cHM6XC9cL3d3dy5jcmFhZy5kelwvd3AtY29udGVudFwvdXBsb2Fkc1wvMjAyMlwvMDRcL0RTQ18wMTg2LmpwZyIsInNsaWRlc2hvdyI6IjlkYWY5ODYifQ%3D%3D\" href='https:\/\/www.craag.dz\/wp-content\/uploads\/2022\/04\/DSC_0186.jpg'><img decoding=\"async\" width=\"768\" height=\"514\" src=\"https:\/\/www.craag.dz\/wp-content\/uploads\/2022\/04\/DSC_0186-768x514.jpg\" class=\"attachment-medium_large size-medium_large\" alt=\"\" srcset=\"https:\/\/www.craag.dz\/wp-content\/uploads\/2022\/04\/DSC_0186-768x514.jpg 768w, https:\/\/www.craag.dz\/wp-content\/uploads\/2022\/04\/DSC_0186-300x201.jpg 300w, https:\/\/www.craag.dz\/wp-content\/uploads\/2022\/04\/DSC_0186-1024x685.jpg 1024w, https:\/\/www.craag.dz\/wp-content\/uploads\/2022\/04\/DSC_0186.jpg 1200w\" sizes=\"(max-width: 768px) 100vw, 768px\" \/><\/a>\n\t\t\t<\/div><\/figure><figure class='gallery-item'>\n\t\t\t<div class='gallery-icon landscape'>\n\t\t\t\t<a data-elementor-open-lightbox=\"yes\" data-elementor-lightbox-slideshow=\"9daf986\" data-elementor-lightbox-title=\"DSC_0183\" data-e-action-hash=\"#elementor-action%3Aaction%3Dlightbox%26settings%3DeyJpZCI6MTU1MiwidXJsIjoiaHR0cHM6XC9cL3d3dy5jcmFhZy5kelwvd3AtY29udGVudFwvdXBsb2Fkc1wvMjAyMlwvMDRcL0RTQ18wMTgzLmpwZyIsInNsaWRlc2hvdyI6IjlkYWY5ODYifQ%3D%3D\" href='https:\/\/www.craag.dz\/wp-content\/uploads\/2022\/04\/DSC_0183.jpg'><img decoding=\"async\" width=\"768\" height=\"514\" src=\"https:\/\/www.craag.dz\/wp-content\/uploads\/2022\/04\/DSC_0183-768x514.jpg\" class=\"attachment-medium_large size-medium_large\" alt=\"\" srcset=\"https:\/\/www.craag.dz\/wp-content\/uploads\/2022\/04\/DSC_0183-768x514.jpg 768w, https:\/\/www.craag.dz\/wp-content\/uploads\/2022\/04\/DSC_0183-300x201.jpg 300w, https:\/\/www.craag.dz\/wp-content\/uploads\/2022\/04\/DSC_0183-1024x685.jpg 1024w, https:\/\/www.craag.dz\/wp-content\/uploads\/2022\/04\/DSC_0183.jpg 1200w\" sizes=\"(max-width: 768px) 100vw, 768px\" \/><\/a>\n\t\t\t<\/div><\/figure><figure class='gallery-item'>\n\t\t\t<div class='gallery-icon landscape'>\n\t\t\t\t<a data-elementor-open-lightbox=\"yes\" data-elementor-lightbox-slideshow=\"9daf986\" data-elementor-lightbox-title=\"DSC_0134\" data-e-action-hash=\"#elementor-action%3Aaction%3Dlightbox%26settings%3DeyJpZCI6MTU1MywidXJsIjoiaHR0cHM6XC9cL3d3dy5jcmFhZy5kelwvd3AtY29udGVudFwvdXBsb2Fkc1wvMjAyMlwvMDRcL0RTQ18wMTM0LmpwZyIsInNsaWRlc2hvdyI6IjlkYWY5ODYifQ%3D%3D\" href='https:\/\/www.craag.dz\/wp-content\/uploads\/2022\/04\/DSC_0134.jpg'><img loading=\"lazy\" decoding=\"async\" width=\"768\" height=\"506\" src=\"https:\/\/www.craag.dz\/wp-content\/uploads\/2022\/04\/DSC_0134-768x506.jpg\" class=\"attachment-medium_large size-medium_large\" alt=\"\" srcset=\"https:\/\/www.craag.dz\/wp-content\/uploads\/2022\/04\/DSC_0134-768x506.jpg 768w, https:\/\/www.craag.dz\/wp-content\/uploads\/2022\/04\/DSC_0134-300x198.jpg 300w, https:\/\/www.craag.dz\/wp-content\/uploads\/2022\/04\/DSC_0134-1024x674.jpg 1024w, https:\/\/www.craag.dz\/wp-content\/uploads\/2022\/04\/DSC_0134.jpg 1200w\" sizes=\"(max-width: 768px) 100vw, 768px\" \/><\/a>\n\t\t\t<\/div><\/figure><figure class='gallery-item'>\n\t\t\t<div class='gallery-icon landscape'>\n\t\t\t\t<a data-elementor-open-lightbox=\"yes\" data-elementor-lightbox-slideshow=\"9daf986\" data-elementor-lightbox-title=\"DSC_0514\" data-e-action-hash=\"#elementor-action%3Aaction%3Dlightbox%26settings%3DeyJpZCI6MTU1NCwidXJsIjoiaHR0cHM6XC9cL3d3dy5jcmFhZy5kelwvd3AtY29udGVudFwvdXBsb2Fkc1wvMjAyMlwvMDRcL0RTQ18wNTE0LmpwZyIsInNsaWRlc2hvdyI6IjlkYWY5ODYifQ%3D%3D\" href='https:\/\/www.craag.dz\/wp-content\/uploads\/2022\/04\/DSC_0514.jpg'><img loading=\"lazy\" decoding=\"async\" width=\"768\" height=\"514\" src=\"https:\/\/www.craag.dz\/wp-content\/uploads\/2022\/04\/DSC_0514-768x514.jpg\" class=\"attachment-medium_large size-medium_large\" alt=\"\" srcset=\"https:\/\/www.craag.dz\/wp-content\/uploads\/2022\/04\/DSC_0514-768x514.jpg 768w, https:\/\/www.craag.dz\/wp-content\/uploads\/2022\/04\/DSC_0514-300x201.jpg 300w, https:\/\/www.craag.dz\/wp-content\/uploads\/2022\/04\/DSC_0514-1024x685.jpg 1024w, https:\/\/www.craag.dz\/wp-content\/uploads\/2022\/04\/DSC_0514.jpg 1200w\" sizes=\"(max-width: 768px) 100vw, 768px\" \/><\/a>\n\t\t\t<\/div><\/figure><figure class='gallery-item'>\n\t\t\t<div class='gallery-icon landscape'>\n\t\t\t\t<a data-elementor-open-lightbox=\"yes\" data-elementor-lightbox-slideshow=\"9daf986\" data-elementor-lightbox-title=\"DSC_0409\" data-e-action-hash=\"#elementor-action%3Aaction%3Dlightbox%26settings%3DeyJpZCI6MTU1NSwidXJsIjoiaHR0cHM6XC9cL3d3dy5jcmFhZy5kelwvd3AtY29udGVudFwvdXBsb2Fkc1wvMjAyMlwvMDRcL0RTQ18wNDA5LmpwZyIsInNsaWRlc2hvdyI6IjlkYWY5ODYifQ%3D%3D\" href='https:\/\/www.craag.dz\/wp-content\/uploads\/2022\/04\/DSC_0409.jpg'><img loading=\"lazy\" decoding=\"async\" width=\"768\" height=\"514\" src=\"https:\/\/www.craag.dz\/wp-content\/uploads\/2022\/04\/DSC_0409-768x514.jpg\" class=\"attachment-medium_large size-medium_large\" alt=\"\" srcset=\"https:\/\/www.craag.dz\/wp-content\/uploads\/2022\/04\/DSC_0409-768x514.jpg 768w, https:\/\/www.craag.dz\/wp-content\/uploads\/2022\/04\/DSC_0409-300x201.jpg 300w, https:\/\/www.craag.dz\/wp-content\/uploads\/2022\/04\/DSC_0409-1024x685.jpg 1024w, https:\/\/www.craag.dz\/wp-content\/uploads\/2022\/04\/DSC_0409.jpg 1200w\" sizes=\"(max-width: 768px) 100vw, 768px\" \/><\/a>\n\t\t\t<\/div><\/figure>\n\t\t<\/div>\n\t\t<\/div>\n\t\t\t\t<\/div>\n\t\t\t\t<\/div>\n\t\t\t\t\t<\/div>\n\t\t<\/div>\n\t\t\t\t\t<\/div>\n\t\t<\/section>\n\t\t\t\t<section class=\"has_eae_slider elementor-section elementor-top-section elementor-element elementor-element-9fea3ae elementor-section-boxed elementor-section-height-default elementor-section-height-default\" data-id=\"9fea3ae\" data-element_type=\"section\">\n\t\t\t\t\t\t<div class=\"elementor-container elementor-column-gap-default\">\n\t\t\t\t\t<div class=\"has_eae_slider elementor-column elementor-col-100 elementor-top-column elementor-element elementor-element-b809adb\" data-id=\"b809adb\" data-element_type=\"column\">\n\t\t\t<div class=\"elementor-widget-wrap elementor-element-populated\">\n\t\t\t\t\t\t<div class=\"elementor-element elementor-element-84fc574 gallery-spacing-custom elementor-widget elementor-widget-image-gallery\" data-id=\"84fc574\" data-element_type=\"widget\" data-widget_type=\"image-gallery.default\">\n\t\t\t\t<div class=\"elementor-widget-container\">\n\t\t\t\t\t<div class=\"elementor-image-gallery\">\n\t\t\t<div id='gallery-2' class='gallery galleryid-1612 gallery-columns-6 gallery-size-medium_large'><figure class='gallery-item'>\n\t\t\t<div class='gallery-icon landscape'>\n\t\t\t\t<a data-elementor-open-lightbox=\"yes\" data-elementor-lightbox-slideshow=\"84fc574\" data-elementor-lightbox-title=\"DSC_012hh4\" data-e-action-hash=\"#elementor-action%3Aaction%3Dlightbox%26settings%3DeyJpZCI6MTU1NiwidXJsIjoiaHR0cHM6XC9cL3d3dy5jcmFhZy5kelwvd3AtY29udGVudFwvdXBsb2Fkc1wvMjAyMlwvMDRcL0RTQ18wMTJoaDQuanBnIiwic2xpZGVzaG93IjoiODRmYzU3NCJ9\" href='https:\/\/www.craag.dz\/wp-content\/uploads\/2022\/04\/DSC_012hh4.jpg'><img loading=\"lazy\" decoding=\"async\" width=\"768\" height=\"514\" src=\"https:\/\/www.craag.dz\/wp-content\/uploads\/2022\/04\/DSC_012hh4-768x514.jpg\" class=\"attachment-medium_large size-medium_large\" alt=\"\" srcset=\"https:\/\/www.craag.dz\/wp-content\/uploads\/2022\/04\/DSC_012hh4-768x514.jpg 768w, https:\/\/www.craag.dz\/wp-content\/uploads\/2022\/04\/DSC_012hh4-300x201.jpg 300w, https:\/\/www.craag.dz\/wp-content\/uploads\/2022\/04\/DSC_012hh4-1024x685.jpg 1024w, https:\/\/www.craag.dz\/wp-content\/uploads\/2022\/04\/DSC_012hh4.jpg 1200w\" sizes=\"(max-width: 768px) 100vw, 768px\" \/><\/a>\n\t\t\t<\/div><\/figure><figure class='gallery-item'>\n\t\t\t<div class='gallery-icon landscape'>\n\t\t\t\t<a data-elementor-open-lightbox=\"yes\" data-elementor-lightbox-slideshow=\"84fc574\" data-elementor-lightbox-title=\"DSC_0480\" data-e-action-hash=\"#elementor-action%3Aaction%3Dlightbox%26settings%3DeyJpZCI6MTU1NywidXJsIjoiaHR0cHM6XC9cL3d3dy5jcmFhZy5kelwvd3AtY29udGVudFwvdXBsb2Fkc1wvMjAyMlwvMDRcL0RTQ18wNDgwLTEuanBnIiwic2xpZGVzaG93IjoiODRmYzU3NCJ9\" href='https:\/\/www.craag.dz\/wp-content\/uploads\/2022\/04\/DSC_0480-1.jpg'><img loading=\"lazy\" decoding=\"async\" width=\"768\" height=\"514\" src=\"https:\/\/www.craag.dz\/wp-content\/uploads\/2022\/04\/DSC_0480-1-768x514.jpg\" class=\"attachment-medium_large size-medium_large\" alt=\"\" srcset=\"https:\/\/www.craag.dz\/wp-content\/uploads\/2022\/04\/DSC_0480-1-768x514.jpg 768w, https:\/\/www.craag.dz\/wp-content\/uploads\/2022\/04\/DSC_0480-1-300x201.jpg 300w, https:\/\/www.craag.dz\/wp-content\/uploads\/2022\/04\/DSC_0480-1-1024x685.jpg 1024w, https:\/\/www.craag.dz\/wp-content\/uploads\/2022\/04\/DSC_0480-1.jpg 1200w\" sizes=\"(max-width: 768px) 100vw, 768px\" \/><\/a>\n\t\t\t<\/div><\/figure><figure class='gallery-item'>\n\t\t\t<div class='gallery-icon landscape'>\n\t\t\t\t<a data-elementor-open-lightbox=\"yes\" data-elementor-lightbox-slideshow=\"84fc574\" data-elementor-lightbox-title=\"DSC_0191\" data-e-action-hash=\"#elementor-action%3Aaction%3Dlightbox%26settings%3DeyJpZCI6MTU1OCwidXJsIjoiaHR0cHM6XC9cL3d3dy5jcmFhZy5kelwvd3AtY29udGVudFwvdXBsb2Fkc1wvMjAyMlwvMDRcL0RTQ18wMTkxLmpwZyIsInNsaWRlc2hvdyI6Ijg0ZmM1NzQifQ%3D%3D\" href='https:\/\/www.craag.dz\/wp-content\/uploads\/2022\/04\/DSC_0191.jpg'><img loading=\"lazy\" decoding=\"async\" width=\"768\" height=\"514\" src=\"https:\/\/www.craag.dz\/wp-content\/uploads\/2022\/04\/DSC_0191-768x514.jpg\" class=\"attachment-medium_large size-medium_large\" alt=\"\" srcset=\"https:\/\/www.craag.dz\/wp-content\/uploads\/2022\/04\/DSC_0191-768x514.jpg 768w, https:\/\/www.craag.dz\/wp-content\/uploads\/2022\/04\/DSC_0191-300x201.jpg 300w, https:\/\/www.craag.dz\/wp-content\/uploads\/2022\/04\/DSC_0191-1024x685.jpg 1024w, https:\/\/www.craag.dz\/wp-content\/uploads\/2022\/04\/DSC_0191.jpg 1200w\" sizes=\"(max-width: 768px) 100vw, 768px\" \/><\/a>\n\t\t\t<\/div><\/figure><figure class='gallery-item'>\n\t\t\t<div class='gallery-icon landscape'>\n\t\t\t\t<a data-elementor-open-lightbox=\"yes\" data-elementor-lightbox-slideshow=\"84fc574\" data-elementor-lightbox-title=\"DSC_0215\" data-e-action-hash=\"#elementor-action%3Aaction%3Dlightbox%26settings%3DeyJpZCI6MTU1OSwidXJsIjoiaHR0cHM6XC9cL3d3dy5jcmFhZy5kelwvd3AtY29udGVudFwvdXBsb2Fkc1wvMjAyMlwvMDRcL0RTQ18wMjE1LmpwZyIsInNsaWRlc2hvdyI6Ijg0ZmM1NzQifQ%3D%3D\" href='https:\/\/www.craag.dz\/wp-content\/uploads\/2022\/04\/DSC_0215.jpg'><img loading=\"lazy\" decoding=\"async\" width=\"768\" height=\"514\" src=\"https:\/\/www.craag.dz\/wp-content\/uploads\/2022\/04\/DSC_0215-768x514.jpg\" class=\"attachment-medium_large size-medium_large\" alt=\"\" srcset=\"https:\/\/www.craag.dz\/wp-content\/uploads\/2022\/04\/DSC_0215-768x514.jpg 768w, https:\/\/www.craag.dz\/wp-content\/uploads\/2022\/04\/DSC_0215-300x201.jpg 300w, https:\/\/www.craag.dz\/wp-content\/uploads\/2022\/04\/DSC_0215-1024x685.jpg 1024w, https:\/\/www.craag.dz\/wp-content\/uploads\/2022\/04\/DSC_0215.jpg 1200w\" sizes=\"(max-width: 768px) 100vw, 768px\" \/><\/a>\n\t\t\t<\/div><\/figure><figure class='gallery-item'>\n\t\t\t<div class='gallery-icon landscape'>\n\t\t\t\t<a data-elementor-open-lightbox=\"yes\" data-elementor-lightbox-slideshow=\"84fc574\" data-elementor-lightbox-title=\"DSC_0207\" data-e-action-hash=\"#elementor-action%3Aaction%3Dlightbox%26settings%3DeyJpZCI6MTU2MCwidXJsIjoiaHR0cHM6XC9cL3d3dy5jcmFhZy5kelwvd3AtY29udGVudFwvdXBsb2Fkc1wvMjAyMlwvMDRcL0RTQ18wMjA3LTEuanBnIiwic2xpZGVzaG93IjoiODRmYzU3NCJ9\" href='https:\/\/www.craag.dz\/wp-content\/uploads\/2022\/04\/DSC_0207-1.jpg'><img loading=\"lazy\" decoding=\"async\" width=\"768\" height=\"514\" src=\"https:\/\/www.craag.dz\/wp-content\/uploads\/2022\/04\/DSC_0207-1-768x514.jpg\" class=\"attachment-medium_large size-medium_large\" alt=\"\" srcset=\"https:\/\/www.craag.dz\/wp-content\/uploads\/2022\/04\/DSC_0207-1-768x514.jpg 768w, https:\/\/www.craag.dz\/wp-content\/uploads\/2022\/04\/DSC_0207-1-300x201.jpg 300w, https:\/\/www.craag.dz\/wp-content\/uploads\/2022\/04\/DSC_0207-1-1024x685.jpg 1024w, https:\/\/www.craag.dz\/wp-content\/uploads\/2022\/04\/DSC_0207-1.jpg 1200w\" sizes=\"(max-width: 768px) 100vw, 768px\" \/><\/a>\n\t\t\t<\/div><\/figure><figure class='gallery-item'>\n\t\t\t<div class='gallery-icon landscape'>\n\t\t\t\t<a data-elementor-open-lightbox=\"yes\" data-elementor-lightbox-slideshow=\"84fc574\" data-elementor-lightbox-title=\"DSC_04aa86\" data-e-action-hash=\"#elementor-action%3Aaction%3Dlightbox%26settings%3DeyJpZCI6MTU2MSwidXJsIjoiaHR0cHM6XC9cL3d3dy5jcmFhZy5kelwvd3AtY29udGVudFwvdXBsb2Fkc1wvMjAyMlwvMDRcL0RTQ18wNGFhODYuanBnIiwic2xpZGVzaG93IjoiODRmYzU3NCJ9\" href='https:\/\/www.craag.dz\/wp-content\/uploads\/2022\/04\/DSC_04aa86.jpg'><img loading=\"lazy\" decoding=\"async\" width=\"768\" height=\"514\" src=\"https:\/\/www.craag.dz\/wp-content\/uploads\/2022\/04\/DSC_04aa86-768x514.jpg\" class=\"attachment-medium_large size-medium_large\" alt=\"\" srcset=\"https:\/\/www.craag.dz\/wp-content\/uploads\/2022\/04\/DSC_04aa86-768x514.jpg 768w, https:\/\/www.craag.dz\/wp-content\/uploads\/2022\/04\/DSC_04aa86-300x201.jpg 300w, https:\/\/www.craag.dz\/wp-content\/uploads\/2022\/04\/DSC_04aa86-1024x685.jpg 1024w, https:\/\/www.craag.dz\/wp-content\/uploads\/2022\/04\/DSC_04aa86.jpg 1200w\" sizes=\"(max-width: 768px) 100vw, 768px\" \/><\/a>\n\t\t\t<\/div><\/figure>\n\t\t<\/div>\n\t\t<\/div>\n\t\t\t\t<\/div>\n\t\t\t\t<\/div>\n\t\t\t\t<div class=\"elementor-element elementor-element-058f892 elementor-widget elementor-widget-spacer\" data-id=\"058f892\" data-element_type=\"widget\" data-widget_type=\"spacer.default\">\n\t\t\t\t<div class=\"elementor-widget-container\">\n\t\t\t\t\t<div class=\"elementor-spacer\">\n\t\t\t<div class=\"elementor-spacer-inner\"><\/div>\n\t\t<\/div>\n\t\t\t\t<\/div>\n\t\t\t\t<\/div>\n\t\t\t\t\t<\/div>\n\t\t<\/div>\n\t\t\t\t\t<\/div>\n\t\t<\/section>\n\t\t\t\t<section class=\"has_eae_slider elementor-section elementor-top-section elementor-element elementor-element-194b17e elementor-section-boxed elementor-section-height-default elementor-section-height-default\" data-id=\"194b17e\" data-element_type=\"section\">\n\t\t\t\t\t\t<div class=\"elementor-container elementor-column-gap-default\">\n\t\t\t\t\t<div class=\"has_eae_slider elementor-column elementor-col-100 elementor-top-column elementor-element elementor-element-2d82dd4\" data-id=\"2d82dd4\" data-element_type=\"column\">\n\t\t\t<div class=\"elementor-widget-wrap elementor-element-populated\">\n\t\t\t\t\t\t<div class=\"elementor-element elementor-element-bdf650b elementor-widget elementor-widget-heading\" data-id=\"bdf650b\" data-element_type=\"widget\" data-widget_type=\"heading.default\">\n\t\t\t\t<div class=\"elementor-widget-container\">\n\t\t\t<h2 class=\"elementor-heading-title elementor-size-default\">Pr\u00e9sentation CRAAG<\/h2>\t\t<\/div>\n\t\t\t\t<\/div>\n\t\t\t\t\t<\/div>\n\t\t<\/div>\n\t\t\t\t\t<\/div>\n\t\t<\/section>\n\t\t\t\t<section class=\"has_eae_slider elementor-section elementor-top-section elementor-element elementor-element-6881aec elementor-section-boxed elementor-section-height-default elementor-section-height-default\" data-id=\"6881aec\" data-element_type=\"section\">\n\t\t\t\t\t\t<div class=\"elementor-container elementor-column-gap-default\">\n\t\t\t\t\t<div class=\"has_eae_slider elementor-column elementor-col-50 elementor-top-column elementor-element elementor-element-6e33c2f\" data-id=\"6e33c2f\" data-element_type=\"column\">\n\t\t\t<div class=\"elementor-widget-wrap elementor-element-populated\">\n\t\t\t\t\t\t<div class=\"elementor-element elementor-element-a3d15ec elementor-widget elementor-widget-text-editor\" data-id=\"a3d15ec\" data-element_type=\"widget\" data-widget_type=\"text-editor.default\">\n\t\t\t\t<div class=\"elementor-widget-container\">\n\t\t\t\t\t\t\t<p><strong>L<\/strong>e Centre de Recherche en Astronomie Astrophysique et G\u00e9ophysique CRAAG, est un Etablissement Public \u00e0 Caract\u00e8re Scientifique et Technologique (EPST), regi par le d\u00e9cret\u00a020-06 du F\u00e9vrier 2006.<\/p><p>Le CRAAG est issu de cr\u00e9ation de l&rsquo;Observatoire d&rsquo;Alger en 1890 et puis de l&rsquo;IMPGA en 1931.\u00a0En 1980, fut cr\u00e9\u00e9 le CNAAG<\/p><p>En 1985, lors de la mise en place des statuts des centres de recherches, le CRAAG fut cre\u00e9 par d\u00e9cret\u00a083-521<\/p><p>Il fIt partie du HCR en 1990 et fut plac\u00e9 en 1991 sous l&rsquo;autorit\u00e9 du Minist\u00e8re de l&rsquo;Int\u00e9rieur.<\/p><p><strong>Le CRAAG a plusieurs missions:<\/strong><\/p><ul><li>Mission de recherche dans les domaines de l&rsquo;Astrophysique et de la G\u00e9ophysique.<\/li><li>Mission de service public dans le domaine de la surveillance sismique du territoire.<\/li><li>Mission aupr\u00e9s des secteurs Socio-\u00e9conomiques.<\/li><\/ul>\t\t\t\t\t\t<\/div>\n\t\t\t\t<\/div>\n\t\t\t\t\t<\/div>\n\t\t<\/div>\n\t\t\t\t<div class=\"has_eae_slider elementor-column elementor-col-50 elementor-top-column elementor-element elementor-element-7c1a667\" data-id=\"7c1a667\" data-element_type=\"column\">\n\t\t\t<div class=\"elementor-widget-wrap elementor-element-populated\">\n\t\t\t\t\t\t<div class=\"elementor-element elementor-element-792b167 elementor-widget elementor-widget-image\" data-id=\"792b167\" data-element_type=\"widget\" data-widget_type=\"image.default\">\n\t\t\t\t<div class=\"elementor-widget-container\">\n\t\t\t\t\t\t\t\t\t\t\t\t\t<img loading=\"lazy\" decoding=\"async\" width=\"800\" height=\"536\" src=\"https:\/\/www.craag.dz\/wp-content\/uploads\/2022\/04\/DSC_0480.jpg\" class=\"attachment-large size-large wp-image-1539\" alt=\"\" srcset=\"https:\/\/www.craag.dz\/wp-content\/uploads\/2022\/04\/DSC_0480.jpg 800w, https:\/\/www.craag.dz\/wp-content\/uploads\/2022\/04\/DSC_0480-300x201.jpg 300w, https:\/\/www.craag.dz\/wp-content\/uploads\/2022\/04\/DSC_0480-768x515.jpg 768w\" sizes=\"(max-width: 800px) 100vw, 800px\" \/>\t\t\t\t\t\t\t\t\t\t\t\t\t<\/div>\n\t\t\t\t<\/div>\n\t\t\t\t\t<\/div>\n\t\t<\/div>\n\t\t\t\t\t<\/div>\n\t\t<\/section>\n\t\t\t\t<section class=\"has_eae_slider elementor-section elementor-top-section elementor-element elementor-element-b95d1ac elementor-section-boxed elementor-section-height-default elementor-section-height-default\" data-id=\"b95d1ac\" data-element_type=\"section\">\n\t\t\t\t\t\t<div class=\"elementor-container elementor-column-gap-default\">\n\t\t\t\t\t<div class=\"has_eae_slider elementor-column elementor-col-100 elementor-top-column elementor-element elementor-element-4fe0912\" data-id=\"4fe0912\" data-element_type=\"column\">\n\t\t\t<div class=\"elementor-widget-wrap elementor-element-populated\">\n\t\t\t\t\t\t<div class=\"elementor-element elementor-element-9446976 elementor-widget elementor-widget-spacer\" data-id=\"9446976\" data-element_type=\"widget\" data-widget_type=\"spacer.default\">\n\t\t\t\t<div class=\"elementor-widget-container\">\n\t\t\t\t\t<div class=\"elementor-spacer\">\n\t\t\t<div class=\"elementor-spacer-inner\"><\/div>\n\t\t<\/div>\n\t\t\t\t<\/div>\n\t\t\t\t<\/div>\n\t\t\t\t\t<\/div>\n\t\t<\/div>\n\t\t\t\t\t<\/div>\n\t\t<\/section>\n\t\t\t\t<\/div>\n\t\t","protected":false},"excerpt":{"rendered":"<p>Pr\u00e9sentation CRAAG Le Centre de Recherche en Astronomie Astrophysique et G\u00e9ophysique CRAAG, est un Etablissement Public \u00e0 Caract\u00e8re Scientifique et Technologique (EPST), regi par le d\u00e9cret\u00a020-06 du F\u00e9vrier 2006. Le CRAAG est issu de cr\u00e9ation de l&rsquo;Observatoire d&rsquo;Alger en 1890 et puis de l&rsquo;IMPGA en 1931.\u00a0En 1980, fut cr\u00e9\u00e9 le CNAAG En 1985, lors de [&hellip;]<\/p>\n","protected":false},"author":1,"featured_media":0,"parent":0,"menu_order":0,"comment_status":"closed","ping_status":"closed","template":"","meta":{"site-sidebar-layout":"no-sidebar","site-content-layout":"page-builder","ast-site-content-layout":"","site-content-style":"default","site-sidebar-style":"default","ast-global-header-display":"","ast-banner-title-visibility":"","ast-main-header-display":"","ast-hfb-above-header-display":"","ast-hfb-below-header-display":"","ast-hfb-mobile-header-display":"","site-post-title":"disabled","ast-breadcrumbs-content":"","ast-featured-img":"disabled","footer-sml-layout":"","theme-transparent-header-meta":"","adv-header-id-meta":"","stick-header-meta":"","header-above-stick-meta":"","header-main-stick-meta":"","header-below-stick-meta":"","astra-migrate-meta-layouts":"default","ast-page-background-enabled":"default","ast-page-background-meta":{"desktop":{"background-color":"var(--ast-global-color-4)","background-image":"","background-repeat":"repeat","background-position":"center center","background-size":"auto","background-attachment":"scroll","background-type":"","background-media":"","overlay-type":"","overlay-color":"","overlay-opacity":"","overlay-gradient":""},"tablet":{"background-color":"","background-image":"","background-repeat":"repeat","background-position":"center center","background-size":"auto","background-attachment":"scroll","background-type":"","background-media":"","overlay-type":"","overlay-color":"","overlay-opacity":"","overlay-gradient":""},"mobile":{"background-color":"","background-image":"","background-repeat":"repeat","background-position":"center center","background-size":"auto","background-attachment":"scroll","background-type":"","background-media":"","overlay-type":"","overlay-color":"","overlay-opacity":"","overlay-gradient":""}},"ast-content-background-meta":{"desktop":{"background-color":"var(--ast-global-color-5)","background-image":"","background-repeat":"repeat","background-position":"center center","background-size":"auto","background-attachment":"scroll","background-type":"","background-media":"","overlay-type":"","overlay-color":"","overlay-opacity":"","overlay-gradient":""},"tablet":{"background-color":"var(--ast-global-color-5)","background-image":"","background-repeat":"repeat","background-position":"center center","background-size":"auto","background-attachment":"scroll","background-type":"","background-media":"","overlay-type":"","overlay-color":"","overlay-opacity":"","overlay-gradient":""},"mobile":{"background-color":"var(--ast-global-color-5)","background-image":"","background-repeat":"repeat","background-position":"center center","background-size":"auto","background-attachment":"scroll","background-type":"","background-media":"","overlay-type":"","overlay-color":"","overlay-opacity":"","overlay-gradient":""}},"footnotes":""},"class_list":["post-1612","page","type-page","status-publish","hentry"],"_links":{"self":[{"href":"https:\/\/www.craag.dz\/index.php\/wp-json\/wp\/v2\/pages\/1612"}],"collection":[{"href":"https:\/\/www.craag.dz\/index.php\/wp-json\/wp\/v2\/pages"}],"about":[{"href":"https:\/\/www.craag.dz\/index.php\/wp-json\/wp\/v2\/types\/page"}],"author":[{"embeddable":true,"href":"https:\/\/www.craag.dz\/index.php\/wp-json\/wp\/v2\/users\/1"}],"replies":[{"embeddable":true,"href":"https:\/\/www.craag.dz\/index.php\/wp-json\/wp\/v2\/comments?post=1612"}],"version-history":[{"count":4,"href":"https:\/\/www.craag.dz\/index.php\/wp-json\/wp\/v2\/pages\/1612\/revisions"}],"predecessor-version":[{"id":1633,"href":"https:\/\/www.craag.dz\/index.php\/wp-json\/wp\/v2\/pages\/1612\/revisions\/1633"}],"wp:attachment":[{"href":"https:\/\/www.craag.dz\/index.php\/wp-json\/wp\/v2\/media?parent=1612"}],"curies":[{"name":"wp","href":"https:\/\/api.w.org\/{rel}","templated":true}]}}