{"id":1616,"date":"2022-04-11T12:44:12","date_gmt":"2022-04-11T11:44:12","guid":{"rendered":"https:\/\/www.craag.dz\/teste\/?page_id=1616"},"modified":"2022-04-11T12:55:27","modified_gmt":"2022-04-11T11:55:27","slug":"organisation","status":"publish","type":"page","link":"https:\/\/www.craag.dz\/index.php\/organisation\/","title":{"rendered":"Organisation"},"content":{"rendered":"\t\t<div data-elementor-type=\"wp-page\" data-elementor-id=\"1616\" class=\"elementor elementor-1616\">\n\t\t\t\t\t\t<section class=\"has_eae_slider elementor-section elementor-top-section elementor-element elementor-element-d824a68 elementor-section-boxed elementor-section-height-default elementor-section-height-default\" data-id=\"d824a68\" data-element_type=\"section\">\n\t\t\t\t\t\t<div class=\"elementor-container elementor-column-gap-default\">\n\t\t\t\t\t<div class=\"has_eae_slider elementor-column elementor-col-100 elementor-top-column elementor-element elementor-element-a6bb675\" data-id=\"a6bb675\" data-element_type=\"column\">\n\t\t\t<div class=\"elementor-widget-wrap elementor-element-populated\">\n\t\t\t\t\t\t<div class=\"elementor-element elementor-element-9775251 elementor-widget elementor-widget-spacer\" data-id=\"9775251\" data-element_type=\"widget\" data-widget_type=\"spacer.default\">\n\t\t\t\t<div class=\"elementor-widget-container\">\n\t\t\t\t\t<div class=\"elementor-spacer\">\n\t\t\t<div class=\"elementor-spacer-inner\"><\/div>\n\t\t<\/div>\n\t\t\t\t<\/div>\n\t\t\t\t<\/div>\n\t\t\t\t\t<\/div>\n\t\t<\/div>\n\t\t\t\t\t<\/div>\n\t\t<\/section>\n\t\t\t\t<section class=\"has_eae_slider elementor-section elementor-top-section elementor-element elementor-element-470ffbc elementor-section-boxed elementor-section-height-default elementor-section-height-default\" data-id=\"470ffbc\" data-element_type=\"section\">\n\t\t\t\t\t\t<div class=\"elementor-container elementor-column-gap-default\">\n\t\t\t\t\t<div class=\"has_eae_slider elementor-column elementor-col-100 elementor-top-column elementor-element elementor-element-3a7cf23\" data-id=\"3a7cf23\" data-element_type=\"column\">\n\t\t\t<div class=\"elementor-widget-wrap elementor-element-populated\">\n\t\t\t\t\t\t<div class=\"elementor-element elementor-element-12e2c1f elementor-widget elementor-widget-heading\" data-id=\"12e2c1f\" data-element_type=\"widget\" data-widget_type=\"heading.default\">\n\t\t\t\t<div class=\"elementor-widget-container\">\n\t\t\t<h2 class=\"elementor-heading-title elementor-size-default\">Organigramme CRAAG<\/h2>\t\t<\/div>\n\t\t\t\t<\/div>\n\t\t\t\t\t<\/div>\n\t\t<\/div>\n\t\t\t\t\t<\/div>\n\t\t<\/section>\n\t\t\t\t<section class=\"has_eae_slider elementor-section elementor-top-section elementor-element elementor-element-7cab410 elementor-section-boxed elementor-section-height-default elementor-section-height-default\" data-id=\"7cab410\" data-element_type=\"section\">\n\t\t\t\t\t\t<div class=\"elementor-container elementor-column-gap-default\">\n\t\t\t\t\t<div class=\"has_eae_slider elementor-column elementor-col-100 elementor-top-column elementor-element elementor-element-76930ed\" data-id=\"76930ed\" data-element_type=\"column\">\n\t\t\t<div class=\"elementor-widget-wrap elementor-element-populated\">\n\t\t\t\t\t\t<div class=\"elementor-element elementor-element-32ec63a elementor-widget elementor-widget-image\" data-id=\"32ec63a\" data-element_type=\"widget\" data-widget_type=\"image.default\">\n\t\t\t\t<div class=\"elementor-widget-container\">\n\t\t\t\t\t\t\t\t\t\t\t\t\t<img fetchpriority=\"high\" decoding=\"async\" width=\"1536\" height=\"1051\" src=\"https:\/\/www.craag.dz\/wp-content\/uploads\/2022\/04\/organigramme1-scaled-e1650648243234-1536x1051.jpg\" class=\"attachment-1536x1536 size-1536x1536 wp-image-1618\" alt=\"\" srcset=\"https:\/\/www.craag.dz\/wp-content\/uploads\/2022\/04\/organigramme1-scaled-e1650648243234-1536x1051.jpg 1536w, https:\/\/www.craag.dz\/wp-content\/uploads\/2022\/04\/organigramme1-scaled-e1650648243234-300x205.jpg 300w, https:\/\/www.craag.dz\/wp-content\/uploads\/2022\/04\/organigramme1-scaled-e1650648243234-1024x701.jpg 1024w, https:\/\/www.craag.dz\/wp-content\/uploads\/2022\/04\/organigramme1-scaled-e1650648243234-768x525.jpg 768w, https:\/\/www.craag.dz\/wp-content\/uploads\/2022\/04\/organigramme1-scaled-e1650648243234-2048x1401.jpg 2048w\" sizes=\"(max-width: 1536px) 100vw, 1536px\" \/>\t\t\t\t\t\t\t\t\t\t\t\t\t<\/div>\n\t\t\t\t<\/div>\n\t\t\t\t<div class=\"elementor-element elementor-element-b51b14f elementor-widget elementor-widget-text-editor\" data-id=\"b51b14f\" data-element_type=\"widget\" data-widget_type=\"text-editor.default\">\n\t\t\t\t<div class=\"elementor-widget-container\">\n\t\t\t\t\t\t\t<div class=\"TabbedPanelsContent TabbedPanelsContentVisible\"><p><strong>\u2666 DIRECTEUR DU CENTRE<\/strong><\/p><ul><li><strong>DIRECTEUR ADJOINT<\/strong><\/li><li><strong>SECRETAIRE GENERAL<\/strong><\/li><\/ul><p><strong>\u2666\u00a0LES SERVICES ADMINISTRATIFS<\/strong><\/p><ul><li>\u00a0Service du personnel et de la formation..<\/li><li>\u00a0Service du budget et de la comptabilit\u00e9.<\/li><li>\u00a0Service des moyens g\u00e9n\u00e9raux.<\/li><\/ul><p><strong>\u2666\u00a0DEPARTEMENT DES RELATIONS EXTERIEURES ET DE LA VALORISATION DES RESULTATS DE LA RECHERCHE<\/strong><\/p><ul><li>\u00a0Service de la documentation scientifique et technique et de l&rsquo;informatique.<\/li><li>\u00a0Service des relations ext\u00e9rieures et de la communication.<\/li><li>\u00a0Service de la valorisation des r\u00e9sultats de recherche.<\/li><\/ul><p><strong>\u2666 DEPARTEMENT DES OBSERVATIONS GEOPHYSIQUES ET ASTROPHYSIQUES<\/strong><\/p><ul><li>Service central de surveillance sismique du territoire.<\/li><li>Service du r\u00e9seau g\u00e9od\u00e9sique.<\/li><li>Service des observations et instrumentations astrophysiques.<\/li><li>Service des observations g\u00e9ophysiques continues.<\/li><\/ul><p><strong>\u2666 LES DIVISIONS DE RECHERCHE<\/strong>\u00a0\u00a0<\/p><ul><li>\u00a0La Division astrophysique solaire.<\/li><li>\u00a0La Division physique stellaire et haute \u00e9nergies.<\/li><li>\u00a0La Division de physique du globe.<\/li><li>\u00a0La Division de g\u00e9ophysique de subsurface.<\/li><li>\u00a0La Division des \u00e9tudes sismologiques.<\/li><li>\u00a0La Division al\u00e9as et risques g\u00e9ologiques.<\/li><\/ul><\/div>\t\t\t\t\t\t<\/div>\n\t\t\t\t<\/div>\n\t\t\t\t\t<\/div>\n\t\t<\/div>\n\t\t\t\t\t<\/div>\n\t\t<\/section>\n\t\t\t\t<section class=\"has_eae_slider elementor-section elementor-top-section elementor-element elementor-element-4edeeff elementor-section-boxed elementor-section-height-default elementor-section-height-default\" data-id=\"4edeeff\" data-element_type=\"section\">\n\t\t\t\t\t\t<div class=\"elementor-container elementor-column-gap-default\">\n\t\t\t\t\t<div class=\"has_eae_slider elementor-column elementor-col-100 elementor-top-column elementor-element elementor-element-2967455\" data-id=\"2967455\" data-element_type=\"column\">\n\t\t\t<div class=\"elementor-widget-wrap elementor-element-populated\">\n\t\t\t\t\t\t<div class=\"elementor-element elementor-element-dae9694 elementor-widget elementor-widget-spacer\" data-id=\"dae9694\" data-element_type=\"widget\" data-widget_type=\"spacer.default\">\n\t\t\t\t<div class=\"elementor-widget-container\">\n\t\t\t\t\t<div class=\"elementor-spacer\">\n\t\t\t<div class=\"elementor-spacer-inner\"><\/div>\n\t\t<\/div>\n\t\t\t\t<\/div>\n\t\t\t\t<\/div>\n\t\t\t\t\t<\/div>\n\t\t<\/div>\n\t\t\t\t\t<\/div>\n\t\t<\/section>\n\t\t\t\t<\/div>\n\t\t","protected":false},"excerpt":{"rendered":"<p>Organigramme CRAAG \u2666 DIRECTEUR DU CENTRE DIRECTEUR ADJOINT SECRETAIRE GENERAL \u2666\u00a0LES SERVICES ADMINISTRATIFS \u00a0Service du personnel et de la formation.. \u00a0Service du budget et de la comptabilit\u00e9. \u00a0Service des moyens g\u00e9n\u00e9raux. \u2666\u00a0DEPARTEMENT DES RELATIONS EXTERIEURES ET DE LA VALORISATION DES RESULTATS DE LA RECHERCHE \u00a0Service de la documentation scientifique et technique et de l&rsquo;informatique. \u00a0Service [&hellip;]<\/p>\n","protected":false},"author":1,"featured_media":0,"parent":0,"menu_order":0,"comment_status":"closed","ping_status":"closed","template":"","meta":{"site-sidebar-layout":"no-sidebar","site-content-layout":"page-builder","ast-site-content-layout":"","site-content-style":"default","site-sidebar-style":"default","ast-global-header-display":"","ast-banner-title-visibility":"","ast-main-header-display":"","ast-hfb-above-header-display":"","ast-hfb-below-header-display":"","ast-hfb-mobile-header-display":"","site-post-title":"disabled","ast-breadcrumbs-content":"","ast-featured-img":"disabled","footer-sml-layout":"","theme-transparent-header-meta":"","adv-header-id-meta":"","stick-header-meta":"","header-above-stick-meta":"","header-main-stick-meta":"","header-below-stick-meta":"","astra-migrate-meta-layouts":"default","ast-page-background-enabled":"default","ast-page-background-meta":{"desktop":{"background-color":"var(--ast-global-color-4)","background-image":"","background-repeat":"repeat","background-position":"center center","background-size":"auto","background-attachment":"scroll","background-type":"","background-media":"","overlay-type":"","overlay-color":"","overlay-opacity":"","overlay-gradient":""},"tablet":{"background-color":"","background-image":"","background-repeat":"repeat","background-position":"center center","background-size":"auto","background-attachment":"scroll","background-type":"","background-media":"","overlay-type":"","overlay-color":"","overlay-opacity":"","overlay-gradient":""},"mobile":{"background-color":"","background-image":"","background-repeat":"repeat","background-position":"center center","background-size":"auto","background-attachment":"scroll","background-type":"","background-media":"","overlay-type":"","overlay-color":"","overlay-opacity":"","overlay-gradient":""}},"ast-content-background-meta":{"desktop":{"background-color":"var(--ast-global-color-5)","background-image":"","background-repeat":"repeat","background-position":"center center","background-size":"auto","background-attachment":"scroll","background-type":"","background-media":"","overlay-type":"","overlay-color":"","overlay-opacity":"","overlay-gradient":""},"tablet":{"background-color":"var(--ast-global-color-5)","background-image":"","background-repeat":"repeat","background-position":"center center","background-size":"auto","background-attachment":"scroll","background-type":"","background-media":"","overlay-type":"","overlay-color":"","overlay-opacity":"","overlay-gradient":""},"mobile":{"background-color":"var(--ast-global-color-5)","background-image":"","background-repeat":"repeat","background-position":"center center","background-size":"auto","background-attachment":"scroll","background-type":"","background-media":"","overlay-type":"","overlay-color":"","overlay-opacity":"","overlay-gradient":""}},"footnotes":""},"class_list":["post-1616","page","type-page","status-publish","hentry"],"_links":{"self":[{"href":"https:\/\/www.craag.dz\/index.php\/wp-json\/wp\/v2\/pages\/1616"}],"collection":[{"href":"https:\/\/www.craag.dz\/index.php\/wp-json\/wp\/v2\/pages"}],"about":[{"href":"https:\/\/www.craag.dz\/index.php\/wp-json\/wp\/v2\/types\/page"}],"author":[{"embeddable":true,"href":"https:\/\/www.craag.dz\/index.php\/wp-json\/wp\/v2\/users\/1"}],"replies":[{"embeddable":true,"href":"https:\/\/www.craag.dz\/index.php\/wp-json\/wp\/v2\/comments?post=1616"}],"version-history":[{"count":13,"href":"https:\/\/www.craag.dz\/index.php\/wp-json\/wp\/v2\/pages\/1616\/revisions"}],"predecessor-version":[{"id":1630,"href":"https:\/\/www.craag.dz\/index.php\/wp-json\/wp\/v2\/pages\/1616\/revisions\/1630"}],"wp:attachment":[{"href":"https:\/\/www.craag.dz\/index.php\/wp-json\/wp\/v2\/media?parent=1616"}],"curies":[{"name":"wp","href":"https:\/\/api.w.org\/{rel}","templated":true}]}}