{"id":2087,"date":"2022-04-18T09:53:42","date_gmt":"2022-04-18T08:53:42","guid":{"rendered":"https:\/\/www.craag.dz\/teste\/?page_id=2087"},"modified":"2022-04-19T13:16:36","modified_gmt":"2022-04-19T12:16:36","slug":"reseau-geodesique","status":"publish","type":"page","link":"https:\/\/www.craag.dz\/index.php\/reseau-geodesique\/","title":{"rendered":"R\u00e9seau g\u00e9od\u00e9sique"},"content":{"rendered":"\t\t<div data-elementor-type=\"wp-page\" data-elementor-id=\"2087\" class=\"elementor elementor-2087\">\n\t\t\t\t\t\t<section class=\"has_eae_slider elementor-section elementor-top-section elementor-element elementor-element-a6afec1 elementor-section-boxed elementor-section-height-default elementor-section-height-default\" data-id=\"a6afec1\" data-element_type=\"section\">\n\t\t\t\t\t\t<div class=\"elementor-container elementor-column-gap-default\">\n\t\t\t\t\t<div class=\"has_eae_slider elementor-column elementor-col-100 elementor-top-column elementor-element elementor-element-39ef434\" data-id=\"39ef434\" data-element_type=\"column\">\n\t\t\t<div class=\"elementor-widget-wrap elementor-element-populated\">\n\t\t\t\t\t\t<div class=\"elementor-element elementor-element-ebc0f8b elementor-widget elementor-widget-spacer\" data-id=\"ebc0f8b\" data-element_type=\"widget\" data-widget_type=\"spacer.default\">\n\t\t\t\t<div class=\"elementor-widget-container\">\n\t\t\t\t\t<div class=\"elementor-spacer\">\n\t\t\t<div class=\"elementor-spacer-inner\"><\/div>\n\t\t<\/div>\n\t\t\t\t<\/div>\n\t\t\t\t<\/div>\n\t\t\t\t<section class=\"has_eae_slider elementor-section elementor-inner-section elementor-element elementor-element-9efdbaa elementor-section-full_width elementor-section-height-default elementor-section-height-default\" data-id=\"9efdbaa\" data-element_type=\"section\" data-settings=\"{&quot;background_background&quot;:&quot;classic&quot;,&quot;shape_divider_bottom&quot;:&quot;triangle-asymmetrical&quot;}\">\n\t\t\t\t\t<div class=\"elementor-shape elementor-shape-bottom\" data-negative=\"false\">\n\t\t\t<svg xmlns=\"http:\/\/www.w3.org\/2000\/svg\" viewBox=\"0 0 1000 100\" preserveAspectRatio=\"none\">\n\t<path class=\"elementor-shape-fill\" d=\"M738,99l262-93V0H0v5.6L738,99z\"\/>\n<\/svg>\t\t<\/div>\n\t\t\t\t\t<div class=\"elementor-container elementor-column-gap-default\">\n\t\t\t\t\t<div class=\"has_eae_slider elementor-column elementor-col-100 elementor-inner-column elementor-element elementor-element-4d81e58\" data-id=\"4d81e58\" data-element_type=\"column\">\n\t\t\t<div class=\"elementor-widget-wrap elementor-element-populated\">\n\t\t\t\t\t\t<div class=\"elementor-element elementor-element-59244d1 elementor-widget elementor-widget-heading\" data-id=\"59244d1\" data-element_type=\"widget\" data-widget_type=\"heading.default\">\n\t\t\t\t<div class=\"elementor-widget-container\">\n\t\t\t<h2 class=\"elementor-heading-title elementor-size-default\">RESEAU GPS PERMANENT EN ALGERIE : LE PROJET \u00ab  REGAT \u00bb<\/h2>\t\t<\/div>\n\t\t\t\t<\/div>\n\t\t\t\t<div class=\"elementor-element elementor-element-c5cf879 elementor-widget elementor-widget-text-editor\" data-id=\"c5cf879\" data-element_type=\"widget\" data-widget_type=\"text-editor.default\">\n\t\t\t\t<div class=\"elementor-widget-container\">\n\t\t\t\t\t\t\t<p>Le projet REGAT (REseauGps de l&rsquo;ATlas) consiste\u00a0 installer un r\u00e9seau de pr\u00e8s de soixante-dix (70) stations g\u00e9od\u00e9siques permanentes GNSS afin de quantifier la d\u00e9formation des r\u00e9gions nord alg\u00e9riennes (englobant l&rsquo;Atlas Tellien ainsi que l&rsquo;Atlas Saharien). Depuis 2006, douze (12) stations ont \u00e9t\u00e9 install\u00e9es dans une premi\u00e8re phase du projet. Leur mise en place va ainsi permettre d&rsquo;observer et de quantifier les diff\u00e9rentes vitesses de d\u00e9formation des r\u00e9gions sismog\u00e8nes et de mod\u00e9liser processus de d\u00e9formation crustale autour de ces\u00a0 diff\u00e9rentes r\u00e9gions. Ce r\u00e9seau, compl\u00e9mentaire au r\u00e9seau sismologique permettra de mieux conna\u00eetre les diff\u00e9rentes sources sismiques qui jalonnent la r\u00e9gion nord du territoire national.<\/p>\t\t\t\t\t\t<\/div>\n\t\t\t\t<\/div>\n\t\t\t\t<div class=\"elementor-element elementor-element-4487ef8 elementor-widget elementor-widget-image\" data-id=\"4487ef8\" data-element_type=\"widget\" data-widget_type=\"image.default\">\n\t\t\t\t<div class=\"elementor-widget-container\">\n\t\t\t\t\t\t\t\t\t\t\t\t\t<img fetchpriority=\"high\" decoding=\"async\" width=\"609\" height=\"273\" src=\"https:\/\/www.craag.dz\/wp-content\/uploads\/2022\/04\/carte_regat.jpg\" class=\"attachment-large size-large wp-image-2217\" alt=\"\" srcset=\"https:\/\/www.craag.dz\/wp-content\/uploads\/2022\/04\/carte_regat.jpg 609w, https:\/\/www.craag.dz\/wp-content\/uploads\/2022\/04\/carte_regat-300x134.jpg 300w\" sizes=\"(max-width: 609px) 100vw, 609px\" \/>\t\t\t\t\t\t\t\t\t\t\t\t\t<\/div>\n\t\t\t\t<\/div>\n\t\t\t\t<div class=\"elementor-element elementor-element-b65e00f elementor-widget elementor-widget-text-editor\" data-id=\"b65e00f\" data-element_type=\"widget\" data-widget_type=\"text-editor.default\">\n\t\t\t\t<div class=\"elementor-widget-container\">\n\t\t\t\t\t\t\t<p style=\"text-align: center;\"><b>CARTE DU RESEAU GPS PERMANENT\u00a0: PROJET REGAT\u00a0<\/b><\/p>\t\t\t\t\t\t<\/div>\n\t\t\t\t<\/div>\n\t\t\t\t<div class=\"elementor-element elementor-element-64c8d81 elementor-widget elementor-widget-text-editor\" data-id=\"64c8d81\" data-element_type=\"widget\" data-widget_type=\"text-editor.default\">\n\t\t\t\t<div class=\"elementor-widget-container\">\n\t\t\t\t\t\t\t<p>Avec l&rsquo;acquisition r\u00e9cente de cinquante (50) nouveaux r\u00e9cepteurs, la deuxi\u00e8me phase du projet a d\u00e9but\u00e9 durant le printemps 2011.\u00a0\u00a0\u00a0\u00a0\u00a0\u00a0\u00a0<\/p><p>16 sites concernant la r\u00e9gion Est de l&rsquo;Alg\u00e9rie sont d\u00e9j\u00e0 install\u00e9s et l&rsquo;installation des sites concernant les parties centre (r\u00e9gionale d&rsquo;Alger), centre-ouest (r\u00e9gionale de Chlef) et ouest (r\u00e9gionale d&rsquo;Oran) a \u00e9t\u00e9 effectu\u00e9e \u00e0 partir de Septembre 2011.<\/p><p>\u00a0Actuellement le REGAT compte une soixantaine de stations permanentes r\u00e9parties sur la partie la plus active de l&rsquo;Alg\u00e9rie du Nord, avec un prolongement vers les hauts-plateaux et celle de Tamanrasset.<\/p><p>\u00a0Une troisi\u00e8me phase du projet est en cours avec 80 stations dont les r\u00e9cepteurs sont en voie d&rsquo;acquisition.&rsquo;<\/p>\t\t\t\t\t\t<\/div>\n\t\t\t\t<\/div>\n\t\t\t\t\t<\/div>\n\t\t<\/div>\n\t\t\t\t\t<\/div>\n\t\t<\/section>\n\t\t\t\t<div class=\"elementor-element elementor-element-e21e5f1 elementor-widget elementor-widget-spacer\" data-id=\"e21e5f1\" data-element_type=\"widget\" data-widget_type=\"spacer.default\">\n\t\t\t\t<div class=\"elementor-widget-container\">\n\t\t\t\t\t<div class=\"elementor-spacer\">\n\t\t\t<div class=\"elementor-spacer-inner\"><\/div>\n\t\t<\/div>\n\t\t\t\t<\/div>\n\t\t\t\t<\/div>\n\t\t\t\t\t<\/div>\n\t\t<\/div>\n\t\t\t\t\t<\/div>\n\t\t<\/section>\n\t\t\t\t<\/div>\n\t\t","protected":false},"excerpt":{"rendered":"<p>RESEAU GPS PERMANENT EN ALGERIE : LE PROJET \u00ab REGAT \u00bb Le projet REGAT (REseauGps de l&rsquo;ATlas) consiste\u00a0 installer un r\u00e9seau de pr\u00e8s de soixante-dix (70) stations g\u00e9od\u00e9siques permanentes GNSS afin de quantifier la d\u00e9formation des r\u00e9gions nord alg\u00e9riennes (englobant l&rsquo;Atlas Tellien ainsi que l&rsquo;Atlas Saharien). Depuis 2006, douze (12) stations ont \u00e9t\u00e9 install\u00e9es dans [&hellip;]<\/p>\n","protected":false},"author":1,"featured_media":0,"parent":0,"menu_order":0,"comment_status":"closed","ping_status":"closed","template":"","meta":{"site-sidebar-layout":"no-sidebar","site-content-layout":"page-builder","ast-site-content-layout":"","site-content-style":"default","site-sidebar-style":"default","ast-global-header-display":"","ast-banner-title-visibility":"","ast-main-header-display":"","ast-hfb-above-header-display":"","ast-hfb-below-header-display":"","ast-hfb-mobile-header-display":"","site-post-title":"disabled","ast-breadcrumbs-content":"","ast-featured-img":"disabled","footer-sml-layout":"","theme-transparent-header-meta":"","adv-header-id-meta":"","stick-header-meta":"","header-above-stick-meta":"","header-main-stick-meta":"","header-below-stick-meta":"","astra-migrate-meta-layouts":"default","ast-page-background-enabled":"default","ast-page-background-meta":{"desktop":{"background-color":"var(--ast-global-color-4)","background-image":"","background-repeat":"repeat","background-position":"center center","background-size":"auto","background-attachment":"scroll","background-type":"","background-media":"","overlay-type":"","overlay-color":"","overlay-opacity":"","overlay-gradient":""},"tablet":{"background-color":"","background-image":"","background-repeat":"repeat","background-position":"center center","background-size":"auto","background-attachment":"scroll","background-type":"","background-media":"","overlay-type":"","overlay-color":"","overlay-opacity":"","overlay-gradient":""},"mobile":{"background-color":"","background-image":"","background-repeat":"repeat","background-position":"center center","background-size":"auto","background-attachment":"scroll","background-type":"","background-media":"","overlay-type":"","overlay-color":"","overlay-opacity":"","overlay-gradient":""}},"ast-content-background-meta":{"desktop":{"background-color":"var(--ast-global-color-5)","background-image":"","background-repeat":"repeat","background-position":"center center","background-size":"auto","background-attachment":"scroll","background-type":"","background-media":"","overlay-type":"","overlay-color":"","overlay-opacity":"","overlay-gradient":""},"tablet":{"background-color":"var(--ast-global-color-5)","background-image":"","background-repeat":"repeat","background-position":"center center","background-size":"auto","background-attachment":"scroll","background-type":"","background-media":"","overlay-type":"","overlay-color":"","overlay-opacity":"","overlay-gradient":""},"mobile":{"background-color":"var(--ast-global-color-5)","background-image":"","background-repeat":"repeat","background-position":"center center","background-size":"auto","background-attachment":"scroll","background-type":"","background-media":"","overlay-type":"","overlay-color":"","overlay-opacity":"","overlay-gradient":""}},"footnotes":""},"class_list":["post-2087","page","type-page","status-publish","hentry"],"_links":{"self":[{"href":"https:\/\/www.craag.dz\/index.php\/wp-json\/wp\/v2\/pages\/2087"}],"collection":[{"href":"https:\/\/www.craag.dz\/index.php\/wp-json\/wp\/v2\/pages"}],"about":[{"href":"https:\/\/www.craag.dz\/index.php\/wp-json\/wp\/v2\/types\/page"}],"author":[{"embeddable":true,"href":"https:\/\/www.craag.dz\/index.php\/wp-json\/wp\/v2\/users\/1"}],"replies":[{"embeddable":true,"href":"https:\/\/www.craag.dz\/index.php\/wp-json\/wp\/v2\/comments?post=2087"}],"version-history":[{"count":10,"href":"https:\/\/www.craag.dz\/index.php\/wp-json\/wp\/v2\/pages\/2087\/revisions"}],"predecessor-version":[{"id":2224,"href":"https:\/\/www.craag.dz\/index.php\/wp-json\/wp\/v2\/pages\/2087\/revisions\/2224"}],"wp:attachment":[{"href":"https:\/\/www.craag.dz\/index.php\/wp-json\/wp\/v2\/media?parent=2087"}],"curies":[{"name":"wp","href":"https:\/\/api.w.org\/{rel}","templated":true}]}}