{"id":2251,"date":"2022-04-20T10:09:45","date_gmt":"2022-04-20T09:09:45","guid":{"rendered":"https:\/\/www.craag.dz\/teste\/?page_id=2251"},"modified":"2022-04-20T11:13:32","modified_gmt":"2022-04-20T10:13:32","slug":"sensibilisation","status":"publish","type":"page","link":"https:\/\/www.craag.dz\/index.php\/sensibilisation\/","title":{"rendered":"Sensibilisation"},"content":{"rendered":"\t\t<div data-elementor-type=\"wp-page\" data-elementor-id=\"2251\" class=\"elementor elementor-2251\">\n\t\t\t\t\t\t<section class=\"has_eae_slider elementor-section elementor-top-section elementor-element elementor-element-f4020e8 elementor-section-boxed elementor-section-height-default elementor-section-height-default\" data-id=\"f4020e8\" data-element_type=\"section\">\n\t\t\t\t\t\t<div class=\"elementor-container elementor-column-gap-default\">\n\t\t\t\t\t<div class=\"has_eae_slider elementor-column elementor-col-100 elementor-top-column elementor-element elementor-element-dbfe3c3\" data-id=\"dbfe3c3\" data-element_type=\"column\">\n\t\t\t<div class=\"elementor-widget-wrap elementor-element-populated\">\n\t\t\t\t\t\t<div class=\"elementor-element elementor-element-ca41579 elementor-widget elementor-widget-spacer\" data-id=\"ca41579\" data-element_type=\"widget\" data-widget_type=\"spacer.default\">\n\t\t\t\t<div class=\"elementor-widget-container\">\n\t\t\t\t\t<div class=\"elementor-spacer\">\n\t\t\t<div class=\"elementor-spacer-inner\"><\/div>\n\t\t<\/div>\n\t\t\t\t<\/div>\n\t\t\t\t<\/div>\n\t\t\t\t<section class=\"has_eae_slider elementor-section elementor-inner-section elementor-element elementor-element-8d5106d elementor-section-full_width elementor-section-height-default elementor-section-height-default\" data-id=\"8d5106d\" data-element_type=\"section\" data-settings=\"{&quot;background_background&quot;:&quot;classic&quot;,&quot;shape_divider_bottom&quot;:&quot;triangle-asymmetrical&quot;}\">\n\t\t\t\t\t<div class=\"elementor-shape elementor-shape-bottom\" data-negative=\"false\">\n\t\t\t<svg xmlns=\"http:\/\/www.w3.org\/2000\/svg\" viewBox=\"0 0 1000 100\" preserveAspectRatio=\"none\">\n\t<path class=\"elementor-shape-fill\" d=\"M738,99l262-93V0H0v5.6L738,99z\"\/>\n<\/svg>\t\t<\/div>\n\t\t\t\t\t<div class=\"elementor-container elementor-column-gap-default\">\n\t\t\t\t\t<div class=\"has_eae_slider elementor-column elementor-col-100 elementor-inner-column elementor-element elementor-element-b2bcc15\" data-id=\"b2bcc15\" data-element_type=\"column\">\n\t\t\t<div class=\"elementor-widget-wrap elementor-element-populated\">\n\t\t\t\t\t\t<div class=\"elementor-element elementor-element-a2d100c elementor-widget elementor-widget-heading\" data-id=\"a2d100c\" data-element_type=\"widget\" data-widget_type=\"heading.default\">\n\t\t\t\t<div class=\"elementor-widget-container\">\n\t\t\t<h2 class=\"elementor-heading-title elementor-size-default\">Dispositions \u00e0 prendre avant, pendant et apr\u00e8s un s\u00e9isme<\/h2>\t\t<\/div>\n\t\t\t\t<\/div>\n\t\t\t\t<div class=\"elementor-element elementor-element-9e53fac elementor-widget elementor-widget-image-gallery\" data-id=\"9e53fac\" data-element_type=\"widget\" data-widget_type=\"image-gallery.default\">\n\t\t\t\t<div class=\"elementor-widget-container\">\n\t\t\t\t\t<div class=\"elementor-image-gallery\">\n\t\t\t<div id='gallery-1' class='gallery galleryid-2251 gallery-columns-4 gallery-size-card-grid'><figure class='gallery-item'>\n\t\t\t<div class='gallery-icon portrait'>\n\t\t\t\t<a data-elementor-open-lightbox=\"yes\" data-elementor-lightbox-slideshow=\"9e53fac\" data-elementor-lightbox-title=\"dispositions-1\" data-e-action-hash=\"#elementor-action%3Aaction%3Dlightbox%26settings%3DeyJpZCI6MjI1NCwidXJsIjoiaHR0cHM6XC9cL3d3dy5jcmFhZy5kelwvd3AtY29udGVudFwvdXBsb2Fkc1wvMjAyMlwvMDRcL2Rpc3Bvc2l0aW9ucy0xLmpwZyIsInNsaWRlc2hvdyI6IjllNTNmYWMifQ%3D%3D\" href='https:\/\/www.craag.dz\/wp-content\/uploads\/2022\/04\/dispositions-1.jpg'><img fetchpriority=\"high\" decoding=\"async\" width=\"600\" height=\"900\" src=\"https:\/\/www.craag.dz\/wp-content\/uploads\/2022\/04\/dispositions-1-600x900.jpg\" class=\"attachment-card-grid size-card-grid\" alt=\"\" \/><\/a>\n\t\t\t<\/div><\/figure><figure class='gallery-item'>\n\t\t\t<div class='gallery-icon portrait'>\n\t\t\t\t<a data-elementor-open-lightbox=\"yes\" data-elementor-lightbox-slideshow=\"9e53fac\" data-elementor-lightbox-title=\"dispositions-2\" data-e-action-hash=\"#elementor-action%3Aaction%3Dlightbox%26settings%3DeyJpZCI6MjI1NSwidXJsIjoiaHR0cHM6XC9cL3d3dy5jcmFhZy5kelwvd3AtY29udGVudFwvdXBsb2Fkc1wvMjAyMlwvMDRcL2Rpc3Bvc2l0aW9ucy0yLmpwZyIsInNsaWRlc2hvdyI6IjllNTNmYWMifQ%3D%3D\" href='https:\/\/www.craag.dz\/wp-content\/uploads\/2022\/04\/dispositions-2.jpg'><img decoding=\"async\" width=\"600\" height=\"900\" src=\"https:\/\/www.craag.dz\/wp-content\/uploads\/2022\/04\/dispositions-2-600x900.jpg\" class=\"attachment-card-grid size-card-grid\" alt=\"\" \/><\/a>\n\t\t\t<\/div><\/figure><figure class='gallery-item'>\n\t\t\t<div class='gallery-icon portrait'>\n\t\t\t\t<a data-elementor-open-lightbox=\"yes\" data-elementor-lightbox-slideshow=\"9e53fac\" data-elementor-lightbox-title=\"dispositions-3\" data-e-action-hash=\"#elementor-action%3Aaction%3Dlightbox%26settings%3DeyJpZCI6MjI1NiwidXJsIjoiaHR0cHM6XC9cL3d3dy5jcmFhZy5kelwvd3AtY29udGVudFwvdXBsb2Fkc1wvMjAyMlwvMDRcL2Rpc3Bvc2l0aW9ucy0zLmpwZyIsInNsaWRlc2hvdyI6IjllNTNmYWMifQ%3D%3D\" href='https:\/\/www.craag.dz\/wp-content\/uploads\/2022\/04\/dispositions-3.jpg'><img decoding=\"async\" width=\"600\" height=\"900\" src=\"https:\/\/www.craag.dz\/wp-content\/uploads\/2022\/04\/dispositions-3-600x900.jpg\" class=\"attachment-card-grid size-card-grid\" alt=\"\" \/><\/a>\n\t\t\t<\/div><\/figure><figure class='gallery-item'>\n\t\t\t<div class='gallery-icon portrait'>\n\t\t\t\t<a data-elementor-open-lightbox=\"yes\" data-elementor-lightbox-slideshow=\"9e53fac\" data-elementor-lightbox-title=\"dispositions-4\" data-e-action-hash=\"#elementor-action%3Aaction%3Dlightbox%26settings%3DeyJpZCI6MjI1NywidXJsIjoiaHR0cHM6XC9cL3d3dy5jcmFhZy5kelwvd3AtY29udGVudFwvdXBsb2Fkc1wvMjAyMlwvMDRcL2Rpc3Bvc2l0aW9ucy00LmpwZyIsInNsaWRlc2hvdyI6IjllNTNmYWMifQ%3D%3D\" href='https:\/\/www.craag.dz\/wp-content\/uploads\/2022\/04\/dispositions-4.jpg'><img loading=\"lazy\" decoding=\"async\" width=\"600\" height=\"900\" src=\"https:\/\/www.craag.dz\/wp-content\/uploads\/2022\/04\/dispositions-4-600x900.jpg\" class=\"attachment-card-grid size-card-grid\" alt=\"\" \/><\/a>\n\t\t\t<\/div><\/figure>\n\t\t<\/div>\n\t\t<\/div>\n\t\t\t\t<\/div>\n\t\t\t\t<\/div>\n\t\t\t\t<div class=\"elementor-element elementor-element-8169a57 elementor-widget elementor-widget-image-gallery\" data-id=\"8169a57\" data-element_type=\"widget\" data-widget_type=\"image-gallery.default\">\n\t\t\t\t<div class=\"elementor-widget-container\">\n\t\t\t\t\t<div class=\"elementor-image-gallery\">\n\t\t\t<div id='gallery-2' class='gallery galleryid-2251 gallery-columns-4 gallery-size-card-grid'><figure class='gallery-item'>\n\t\t\t<div class='gallery-icon portrait'>\n\t\t\t\t<a data-elementor-open-lightbox=\"yes\" data-elementor-lightbox-slideshow=\"8169a57\" data-elementor-lightbox-title=\"dispositions-8\" data-e-action-hash=\"#elementor-action%3Aaction%3Dlightbox%26settings%3DeyJpZCI6MjI2NSwidXJsIjoiaHR0cHM6XC9cL3d3dy5jcmFhZy5kelwvd3AtY29udGVudFwvdXBsb2Fkc1wvMjAyMlwvMDRcL2Rpc3Bvc2l0aW9ucy04LmpwZyIsInNsaWRlc2hvdyI6IjgxNjlhNTcifQ%3D%3D\" href='https:\/\/www.craag.dz\/wp-content\/uploads\/2022\/04\/dispositions-8.jpg'><img loading=\"lazy\" decoding=\"async\" width=\"600\" height=\"900\" src=\"https:\/\/www.craag.dz\/wp-content\/uploads\/2022\/04\/dispositions-8-600x900.jpg\" class=\"attachment-card-grid size-card-grid\" alt=\"\" \/><\/a>\n\t\t\t<\/div><\/figure><figure class='gallery-item'>\n\t\t\t<div class='gallery-icon portrait'>\n\t\t\t\t<a data-elementor-open-lightbox=\"yes\" data-elementor-lightbox-slideshow=\"8169a57\" data-elementor-lightbox-title=\"dispositions-7\" data-e-action-hash=\"#elementor-action%3Aaction%3Dlightbox%26settings%3DeyJpZCI6MjI2NiwidXJsIjoiaHR0cHM6XC9cL3d3dy5jcmFhZy5kelwvd3AtY29udGVudFwvdXBsb2Fkc1wvMjAyMlwvMDRcL2Rpc3Bvc2l0aW9ucy03LmpwZyIsInNsaWRlc2hvdyI6IjgxNjlhNTcifQ%3D%3D\" href='https:\/\/www.craag.dz\/wp-content\/uploads\/2022\/04\/dispositions-7.jpg'><img loading=\"lazy\" decoding=\"async\" width=\"600\" height=\"900\" src=\"https:\/\/www.craag.dz\/wp-content\/uploads\/2022\/04\/dispositions-7-600x900.jpg\" class=\"attachment-card-grid size-card-grid\" alt=\"\" \/><\/a>\n\t\t\t<\/div><\/figure><figure class='gallery-item'>\n\t\t\t<div class='gallery-icon portrait'>\n\t\t\t\t<a data-elementor-open-lightbox=\"yes\" data-elementor-lightbox-slideshow=\"8169a57\" data-elementor-lightbox-title=\"dispositions-6\" data-e-action-hash=\"#elementor-action%3Aaction%3Dlightbox%26settings%3DeyJpZCI6MjI2NywidXJsIjoiaHR0cHM6XC9cL3d3dy5jcmFhZy5kelwvd3AtY29udGVudFwvdXBsb2Fkc1wvMjAyMlwvMDRcL2Rpc3Bvc2l0aW9ucy02LmpwZyIsInNsaWRlc2hvdyI6IjgxNjlhNTcifQ%3D%3D\" href='https:\/\/www.craag.dz\/wp-content\/uploads\/2022\/04\/dispositions-6.jpg'><img loading=\"lazy\" decoding=\"async\" width=\"600\" height=\"900\" src=\"https:\/\/www.craag.dz\/wp-content\/uploads\/2022\/04\/dispositions-6-600x900.jpg\" class=\"attachment-card-grid size-card-grid\" alt=\"\" \/><\/a>\n\t\t\t<\/div><\/figure><figure class='gallery-item'>\n\t\t\t<div class='gallery-icon portrait'>\n\t\t\t\t<a data-elementor-open-lightbox=\"yes\" data-elementor-lightbox-slideshow=\"8169a57\" data-elementor-lightbox-title=\"dispositions-5\" data-e-action-hash=\"#elementor-action%3Aaction%3Dlightbox%26settings%3DeyJpZCI6MjI2OSwidXJsIjoiaHR0cHM6XC9cL3d3dy5jcmFhZy5kelwvd3AtY29udGVudFwvdXBsb2Fkc1wvMjAyMlwvMDRcL2Rpc3Bvc2l0aW9ucy01LmpwZyIsInNsaWRlc2hvdyI6IjgxNjlhNTcifQ%3D%3D\" href='https:\/\/www.craag.dz\/wp-content\/uploads\/2022\/04\/dispositions-5.jpg'><img loading=\"lazy\" decoding=\"async\" width=\"600\" height=\"900\" src=\"https:\/\/www.craag.dz\/wp-content\/uploads\/2022\/04\/dispositions-5-600x900.jpg\" class=\"attachment-card-grid size-card-grid\" alt=\"\" \/><\/a>\n\t\t\t<\/div><\/figure>\n\t\t<\/div>\n\t\t<\/div>\n\t\t\t\t<\/div>\n\t\t\t\t<\/div>\n\t\t\t\t<div class=\"elementor-element elementor-element-b9c32c4 elementor-widget elementor-widget-spacer\" data-id=\"b9c32c4\" data-element_type=\"widget\" data-widget_type=\"spacer.default\">\n\t\t\t\t<div class=\"elementor-widget-container\">\n\t\t\t\t\t<div class=\"elementor-spacer\">\n\t\t\t<div class=\"elementor-spacer-inner\"><\/div>\n\t\t<\/div>\n\t\t\t\t<\/div>\n\t\t\t\t<\/div>\n\t\t\t\t<div class=\"elementor-element elementor-element-85dc4d2 elementor-widget elementor-widget-heading\" data-id=\"85dc4d2\" data-element_type=\"widget\" data-widget_type=\"heading.default\">\n\t\t\t\t<div class=\"elementor-widget-container\">\n\t\t\t<h2 class=\"elementor-heading-title elementor-size-default\">En savoir plus sur les s\u00e9ismes<\/h2>\t\t<\/div>\n\t\t\t\t<\/div>\n\t\t\t\t<div class=\"elementor-element elementor-element-317541a elementor-widget elementor-widget-image-gallery\" data-id=\"317541a\" data-element_type=\"widget\" data-widget_type=\"image-gallery.default\">\n\t\t\t\t<div class=\"elementor-widget-container\">\n\t\t\t\t\t<div class=\"elementor-image-gallery\">\n\t\t\t<div id='gallery-3' class='gallery galleryid-2251 gallery-columns-4 gallery-size-card-grid'><figure class='gallery-item'>\n\t\t\t<div class='gallery-icon portrait'>\n\t\t\t\t<a data-elementor-open-lightbox=\"yes\" data-elementor-lightbox-slideshow=\"317541a\" data-elementor-lightbox-title=\"seismes-1\" data-e-action-hash=\"#elementor-action%3Aaction%3Dlightbox%26settings%3DeyJpZCI6MjI3MywidXJsIjoiaHR0cHM6XC9cL3d3dy5jcmFhZy5kelwvd3AtY29udGVudFwvdXBsb2Fkc1wvMjAyMlwvMDRcL3NlaXNtZXMtMS5qcGciLCJzbGlkZXNob3ciOiIzMTc1NDFhIn0%3D\" href='https:\/\/www.craag.dz\/wp-content\/uploads\/2022\/04\/seismes-1.jpg'><img loading=\"lazy\" decoding=\"async\" width=\"600\" height=\"900\" src=\"https:\/\/www.craag.dz\/wp-content\/uploads\/2022\/04\/seismes-1-600x900.jpg\" class=\"attachment-card-grid size-card-grid\" alt=\"\" \/><\/a>\n\t\t\t<\/div><\/figure><figure class='gallery-item'>\n\t\t\t<div class='gallery-icon portrait'>\n\t\t\t\t<a data-elementor-open-lightbox=\"yes\" data-elementor-lightbox-slideshow=\"317541a\" data-elementor-lightbox-title=\"seismes-2\" data-e-action-hash=\"#elementor-action%3Aaction%3Dlightbox%26settings%3DeyJpZCI6MjI3NCwidXJsIjoiaHR0cHM6XC9cL3d3dy5jcmFhZy5kelwvd3AtY29udGVudFwvdXBsb2Fkc1wvMjAyMlwvMDRcL3NlaXNtZXMtMi5qcGciLCJzbGlkZXNob3ciOiIzMTc1NDFhIn0%3D\" href='https:\/\/www.craag.dz\/wp-content\/uploads\/2022\/04\/seismes-2.jpg'><img loading=\"lazy\" decoding=\"async\" width=\"600\" height=\"900\" src=\"https:\/\/www.craag.dz\/wp-content\/uploads\/2022\/04\/seismes-2-600x900.jpg\" class=\"attachment-card-grid size-card-grid\" alt=\"\" \/><\/a>\n\t\t\t<\/div><\/figure><figure class='gallery-item'>\n\t\t\t<div class='gallery-icon portrait'>\n\t\t\t\t<a data-elementor-open-lightbox=\"yes\" data-elementor-lightbox-slideshow=\"317541a\" data-elementor-lightbox-title=\"seismes-3\" data-e-action-hash=\"#elementor-action%3Aaction%3Dlightbox%26settings%3DeyJpZCI6MjI3NiwidXJsIjoiaHR0cHM6XC9cL3d3dy5jcmFhZy5kelwvd3AtY29udGVudFwvdXBsb2Fkc1wvMjAyMlwvMDRcL3NlaXNtZXMtMy5qcGciLCJzbGlkZXNob3ciOiIzMTc1NDFhIn0%3D\" href='https:\/\/www.craag.dz\/wp-content\/uploads\/2022\/04\/seismes-3.jpg'><img loading=\"lazy\" decoding=\"async\" width=\"600\" height=\"900\" src=\"https:\/\/www.craag.dz\/wp-content\/uploads\/2022\/04\/seismes-3-600x900.jpg\" class=\"attachment-card-grid size-card-grid\" alt=\"\" \/><\/a>\n\t\t\t<\/div><\/figure><figure class='gallery-item'>\n\t\t\t<div class='gallery-icon portrait'>\n\t\t\t\t<a data-elementor-open-lightbox=\"yes\" data-elementor-lightbox-slideshow=\"317541a\" data-elementor-lightbox-title=\"seismes-4\" data-e-action-hash=\"#elementor-action%3Aaction%3Dlightbox%26settings%3DeyJpZCI6MjI3NywidXJsIjoiaHR0cHM6XC9cL3d3dy5jcmFhZy5kelwvd3AtY29udGVudFwvdXBsb2Fkc1wvMjAyMlwvMDRcL3NlaXNtZXMtNC5qcGciLCJzbGlkZXNob3ciOiIzMTc1NDFhIn0%3D\" href='https:\/\/www.craag.dz\/wp-content\/uploads\/2022\/04\/seismes-4.jpg'><img loading=\"lazy\" decoding=\"async\" width=\"600\" height=\"900\" src=\"https:\/\/www.craag.dz\/wp-content\/uploads\/2022\/04\/seismes-4-600x900.jpg\" class=\"attachment-card-grid size-card-grid\" alt=\"\" \/><\/a>\n\t\t\t<\/div><\/figure>\n\t\t<\/div>\n\t\t<\/div>\n\t\t\t\t<\/div>\n\t\t\t\t<\/div>\n\t\t\t\t<div class=\"elementor-element elementor-element-1e1691d elementor-widget elementor-widget-image-gallery\" data-id=\"1e1691d\" data-element_type=\"widget\" data-widget_type=\"image-gallery.default\">\n\t\t\t\t<div class=\"elementor-widget-container\">\n\t\t\t\t\t<div class=\"elementor-image-gallery\">\n\t\t\t<div id='gallery-4' class='gallery galleryid-2251 gallery-columns-4 gallery-size-card-grid'><figure class='gallery-item'>\n\t\t\t<div class='gallery-icon portrait'>\n\t\t\t\t<a data-elementor-open-lightbox=\"yes\" data-elementor-lightbox-slideshow=\"1e1691d\" data-elementor-lightbox-title=\"seismes-8\" data-e-action-hash=\"#elementor-action%3Aaction%3Dlightbox%26settings%3DeyJpZCI6MjI3OCwidXJsIjoiaHR0cHM6XC9cL3d3dy5jcmFhZy5kelwvd3AtY29udGVudFwvdXBsb2Fkc1wvMjAyMlwvMDRcL3NlaXNtZXMtOC5qcGciLCJzbGlkZXNob3ciOiIxZTE2OTFkIn0%3D\" href='https:\/\/www.craag.dz\/wp-content\/uploads\/2022\/04\/seismes-8.jpg'><img loading=\"lazy\" decoding=\"async\" width=\"600\" height=\"900\" src=\"https:\/\/www.craag.dz\/wp-content\/uploads\/2022\/04\/seismes-8-600x900.jpg\" class=\"attachment-card-grid size-card-grid\" alt=\"\" \/><\/a>\n\t\t\t<\/div><\/figure><figure class='gallery-item'>\n\t\t\t<div class='gallery-icon portrait'>\n\t\t\t\t<a data-elementor-open-lightbox=\"yes\" data-elementor-lightbox-slideshow=\"1e1691d\" data-elementor-lightbox-title=\"seismes-7\" data-e-action-hash=\"#elementor-action%3Aaction%3Dlightbox%26settings%3DeyJpZCI6MjI3OSwidXJsIjoiaHR0cHM6XC9cL3d3dy5jcmFhZy5kelwvd3AtY29udGVudFwvdXBsb2Fkc1wvMjAyMlwvMDRcL3NlaXNtZXMtNy5qcGciLCJzbGlkZXNob3ciOiIxZTE2OTFkIn0%3D\" href='https:\/\/www.craag.dz\/wp-content\/uploads\/2022\/04\/seismes-7.jpg'><img loading=\"lazy\" decoding=\"async\" width=\"600\" height=\"900\" src=\"https:\/\/www.craag.dz\/wp-content\/uploads\/2022\/04\/seismes-7-600x900.jpg\" class=\"attachment-card-grid size-card-grid\" alt=\"\" \/><\/a>\n\t\t\t<\/div><\/figure><figure class='gallery-item'>\n\t\t\t<div class='gallery-icon portrait'>\n\t\t\t\t<a data-elementor-open-lightbox=\"yes\" data-elementor-lightbox-slideshow=\"1e1691d\" data-elementor-lightbox-title=\"seismes-6\" data-e-action-hash=\"#elementor-action%3Aaction%3Dlightbox%26settings%3DeyJpZCI6MjI4MCwidXJsIjoiaHR0cHM6XC9cL3d3dy5jcmFhZy5kelwvd3AtY29udGVudFwvdXBsb2Fkc1wvMjAyMlwvMDRcL3NlaXNtZXMtNi5qcGciLCJzbGlkZXNob3ciOiIxZTE2OTFkIn0%3D\" href='https:\/\/www.craag.dz\/wp-content\/uploads\/2022\/04\/seismes-6.jpg'><img loading=\"lazy\" decoding=\"async\" width=\"600\" height=\"900\" src=\"https:\/\/www.craag.dz\/wp-content\/uploads\/2022\/04\/seismes-6-600x900.jpg\" class=\"attachment-card-grid size-card-grid\" alt=\"\" \/><\/a>\n\t\t\t<\/div><\/figure><figure class='gallery-item'>\n\t\t\t<div class='gallery-icon portrait'>\n\t\t\t\t<a data-elementor-open-lightbox=\"yes\" data-elementor-lightbox-slideshow=\"1e1691d\" data-elementor-lightbox-title=\"seismes-5\" data-e-action-hash=\"#elementor-action%3Aaction%3Dlightbox%26settings%3DeyJpZCI6MjI4MSwidXJsIjoiaHR0cHM6XC9cL3d3dy5jcmFhZy5kelwvd3AtY29udGVudFwvdXBsb2Fkc1wvMjAyMlwvMDRcL3NlaXNtZXMtNS5qcGciLCJzbGlkZXNob3ciOiIxZTE2OTFkIn0%3D\" href='https:\/\/www.craag.dz\/wp-content\/uploads\/2022\/04\/seismes-5.jpg'><img loading=\"lazy\" decoding=\"async\" width=\"600\" height=\"900\" src=\"https:\/\/www.craag.dz\/wp-content\/uploads\/2022\/04\/seismes-5-600x900.jpg\" class=\"attachment-card-grid size-card-grid\" alt=\"\" \/><\/a>\n\t\t\t<\/div><\/figure>\n\t\t<\/div>\n\t\t<\/div>\n\t\t\t\t<\/div>\n\t\t\t\t<\/div>\n\t\t\t\t\t<\/div>\n\t\t<\/div>\n\t\t\t\t\t<\/div>\n\t\t<\/section>\n\t\t\t\t\t<\/div>\n\t\t<\/div>\n\t\t\t\t\t<\/div>\n\t\t<\/section>\n\t\t\t\t<\/div>\n\t\t","protected":false},"excerpt":{"rendered":"<p>Dispositions \u00e0 prendre avant, pendant et apr\u00e8s un s\u00e9isme En savoir plus sur les s\u00e9ismes<\/p>\n","protected":false},"author":1,"featured_media":0,"parent":0,"menu_order":0,"comment_status":"closed","ping_status":"closed","template":"","meta":{"site-sidebar-layout":"no-sidebar","site-content-layout":"page-builder","ast-site-content-layout":"","site-content-style":"default","site-sidebar-style":"default","ast-global-header-display":"","ast-banner-title-visibility":"","ast-main-header-display":"","ast-hfb-above-header-display":"","ast-hfb-below-header-display":"","ast-hfb-mobile-header-display":"","site-post-title":"disabled","ast-breadcrumbs-content":"","ast-featured-img":"disabled","footer-sml-layout":"","theme-transparent-header-meta":"","adv-header-id-meta":"","stick-header-meta":"","header-above-stick-meta":"","header-main-stick-meta":"","header-below-stick-meta":"","astra-migrate-meta-layouts":"default","ast-page-background-enabled":"default","ast-page-background-meta":{"desktop":{"background-color":"var(--ast-global-color-4)","background-image":"","background-repeat":"repeat","background-position":"center center","background-size":"auto","background-attachment":"scroll","background-type":"","background-media":"","overlay-type":"","overlay-color":"","overlay-opacity":"","overlay-gradient":""},"tablet":{"background-color":"","background-image":"","background-repeat":"repeat","background-position":"center center","background-size":"auto","background-attachment":"scroll","background-type":"","background-media":"","overlay-type":"","overlay-color":"","overlay-opacity":"","overlay-gradient":""},"mobile":{"background-color":"","background-image":"","background-repeat":"repeat","background-position":"center center","background-size":"auto","background-attachment":"scroll","background-type":"","background-media":"","overlay-type":"","overlay-color":"","overlay-opacity":"","overlay-gradient":""}},"ast-content-background-meta":{"desktop":{"background-color":"var(--ast-global-color-5)","background-image":"","background-repeat":"repeat","background-position":"center center","background-size":"auto","background-attachment":"scroll","background-type":"","background-media":"","overlay-type":"","overlay-color":"","overlay-opacity":"","overlay-gradient":""},"tablet":{"background-color":"var(--ast-global-color-5)","background-image":"","background-repeat":"repeat","background-position":"center center","background-size":"auto","background-attachment":"scroll","background-type":"","background-media":"","overlay-type":"","overlay-color":"","overlay-opacity":"","overlay-gradient":""},"mobile":{"background-color":"var(--ast-global-color-5)","background-image":"","background-repeat":"repeat","background-position":"center center","background-size":"auto","background-attachment":"scroll","background-type":"","background-media":"","overlay-type":"","overlay-color":"","overlay-opacity":"","overlay-gradient":""}},"footnotes":""},"class_list":["post-2251","page","type-page","status-publish","hentry"],"_links":{"self":[{"href":"https:\/\/www.craag.dz\/index.php\/wp-json\/wp\/v2\/pages\/2251"}],"collection":[{"href":"https:\/\/www.craag.dz\/index.php\/wp-json\/wp\/v2\/pages"}],"about":[{"href":"https:\/\/www.craag.dz\/index.php\/wp-json\/wp\/v2\/types\/page"}],"author":[{"embeddable":true,"href":"https:\/\/www.craag.dz\/index.php\/wp-json\/wp\/v2\/users\/1"}],"replies":[{"embeddable":true,"href":"https:\/\/www.craag.dz\/index.php\/wp-json\/wp\/v2\/comments?post=2251"}],"version-history":[{"count":22,"href":"https:\/\/www.craag.dz\/index.php\/wp-json\/wp\/v2\/pages\/2251\/revisions"}],"predecessor-version":[{"id":2296,"href":"https:\/\/www.craag.dz\/index.php\/wp-json\/wp\/v2\/pages\/2251\/revisions\/2296"}],"wp:attachment":[{"href":"https:\/\/www.craag.dz\/index.php\/wp-json\/wp\/v2\/media?parent=2251"}],"curies":[{"name":"wp","href":"https:\/\/api.w.org\/{rel}","templated":true}]}}