{"id":2680,"date":"2022-04-26T13:54:04","date_gmt":"2022-04-26T12:54:04","guid":{"rendered":"https:\/\/www.craag.dz\/teste\/?page_id=2680"},"modified":"2024-05-21T10:24:43","modified_gmt":"2024-05-21T09:24:43","slug":"manifestations-scientifiques","status":"publish","type":"page","link":"https:\/\/www.craag.dz\/index.php\/manifestations-scientifiques\/","title":{"rendered":"Activit\u00e9s Scientifiques"},"content":{"rendered":"\t\t<div data-elementor-type=\"wp-page\" data-elementor-id=\"2680\" class=\"elementor elementor-2680\">\n\t\t\t\t\t\t<section class=\"has_eae_slider elementor-section elementor-top-section elementor-element elementor-element-cbc3af9 elementor-section-boxed elementor-section-height-default elementor-section-height-default\" data-id=\"cbc3af9\" data-element_type=\"section\">\n\t\t\t\t\t\t<div class=\"elementor-container elementor-column-gap-default\">\n\t\t\t\t\t<div class=\"has_eae_slider elementor-column elementor-col-100 elementor-top-column elementor-element elementor-element-fbdf2db\" data-id=\"fbdf2db\" data-element_type=\"column\">\n\t\t\t<div class=\"elementor-widget-wrap elementor-element-populated\">\n\t\t\t\t\t\t<div class=\"elementor-element elementor-element-03cb516 elementor-widget elementor-widget-spacer\" data-id=\"03cb516\" data-element_type=\"widget\" data-widget_type=\"spacer.default\">\n\t\t\t\t<div class=\"elementor-widget-container\">\n\t\t\t\t\t<div class=\"elementor-spacer\">\n\t\t\t<div class=\"elementor-spacer-inner\"><\/div>\n\t\t<\/div>\n\t\t\t\t<\/div>\n\t\t\t\t<\/div>\n\t\t\t\t<div class=\"elementor-element elementor-element-d3038f9 elementor-widget elementor-widget-heading\" data-id=\"d3038f9\" data-element_type=\"widget\" data-widget_type=\"heading.default\">\n\t\t\t\t<div class=\"elementor-widget-container\">\n\t\t\t<h2 class=\"elementor-heading-title elementor-size-default\">Activit\u00e9s Scientifiques<\/h2>\t\t<\/div>\n\t\t\t\t<\/div>\n\t\t\t\t<div class=\"elementor-element elementor-element-55a4b5f elementor-widget elementor-widget-text-editor\" data-id=\"55a4b5f\" data-element_type=\"widget\" data-widget_type=\"text-editor.default\">\n\t\t\t\t<div class=\"elementor-widget-container\">\n\t\t\t\t\t\t\t<p>Les activit\u00e9s du CRAAG se concentrent sur plusieurs domaines<\/p><p><strong><u>DOMAINE DE RECHERCHE SCIENTIFIQUE<\/u><\/strong><\/p><ul><li>Les principaux th\u00e8mes de\u00a0 recherche abord\u00e9s au CRAAG sont les suivants\u00a0:<\/li><li>D\u2019assurer la surveillance sismique du territoire\u00a0 national de fa\u00e7on permanente et d\u2019\u00e9tablir les liaisons n\u00e9cessaires avec les autorit\u00e9s comp\u00e9tentes et les structures op\u00e9rationnelles concern\u00e9es\u00a0;<\/li><li><span dir=\"ltr\">D\u2019\u00e9tendre et de densifier le r\u00e9seau sismologique \u00e0 l\u2019ensemble du territoire national et d\u2019en assurer l\u2019exploitation et la maintenance\u00a0;<\/span><\/li><li><span dir=\"ltr\">D\u2019\u00e9tablir les catalogue et carte sismique, de recenser et de regrouper les documents anciens, y compris ceux existant \u00e0 l\u2019\u00e9tranger, pour approfondir et enrichir l\u2019histoire de la sismicit\u00e9 alg\u00e9rienne et constituer la banque des donn\u00e9es sismiques\u00a0;<\/span><\/li><li><span dir=\"ltr\">D\u2019\u00e9valuer l\u2019al\u00e9a sismique du territoire\u00a0 national\u00a0;<\/span>\u00a0<\/li><li><span dir=\"ltr\">De r\u00e9aliser des \u00e9tudes sur les risques g\u00e9ologiques et de participer\u00a0 la micozonation des centres urbains\u00a0;<\/span>\u00a0<\/li><li><span dir=\"ltr\">De participer au aux actions de r\u00e9duction des risques sismiques\u00a0;<\/span>\u00a0<\/li><li><span dir=\"ltr\">D\u2019assurer le suivi permanent des ph\u00e9nom\u00e8nes g\u00e9ophysique et astronomique naturels\u00a0;<\/span>\u00a0<\/li><li><span dir=\"ltr\">De d\u00e9velopper les observations et les r\u00e9seaux g\u00e9ophysique et\u00a0 astronomique\u00a0;<\/span>\u00a0<\/li><li><span dir=\"ltr\">De d\u00e9velopper et d\u2019\u00e9tendre, a travers le\u00a0 territoire\u00a0 national, les stations et r\u00e9seaux g\u00e9omagn\u00e9tiques astronomiques et services de l\u2019heure ainsi que le r\u00e9seaux gravim\u00e9trique et l\u2019exception de r\u00e9seaux fondamentaux\u00a0;<\/span><\/li><li><span dir=\"ltr\">D\u2019exploiter les donn\u00e9es des observations\u00a0 astronomiques et g\u00e9ophysiques terrestres, a\u00e9riennes et satellitaires\u00a0;<\/span>\u00a0<\/li><li><span dir=\"ltr\">D\u2019entreprendre des \u00e9tudes de la forme et des mouvement de la terre\u00a0;<\/span><\/li><li><span dir=\"ltr\">D\u2019entreprendre des \u00e9tudes en astronomie fondamentales, solaire, satellitaire et des \u00e9tudes li\u00e9es \u00e0 l\u2019\u00e9volution de l\u2019univers\u00a0;\u00a0\u00a0<\/span>\u00a0<\/li><li><span dir=\"ltr\">De mener des \u00e9tudes sur les milieux interplan\u00e9taires et interstellaires\u00a0;<\/span>\u00a0<\/li><li><span dir=\"ltr\">De d\u00e9finir et conserver l\u2019\u00e9talon du temps national et des fr\u00e9quences\u00a0 et de contribuer\u00a0 \u00e0 leur diffusion\u00a0;<\/span>\u00a0<\/li><li>De concevoir et de r\u00e9aliser des instruments sp\u00e9cifiques aux travaux de recherche en astronomique\u00a0et g\u00e9ophysique.<\/li><\/ul><p><strong><u>LA\u00a0FORMATION<\/u><\/strong><\/p><p>Le CRAAG se consacre principalement \u00e0 l\u2019activit\u00e9 de recherche. N\u00e9anmoins, le Centre participe activement \u00e0 la formation des jeunes chercheurs en y contribuant par diff\u00e9rentes actions\u00a0:\u00a0<\/p><p><span dir=\"LTR\">Participation des chercheurs du CRAAG aux enseignements de sp\u00e9cialit\u00e9 (G\u00e9ophysique, Astrophysique) dispens\u00e9s \u00e0 l\u2019Universit\u00e9<\/span>\u00a0\u00a0\u00a0\u00a0\u00a0\u00a0\u00a0\u00a0<\/p><p><span dir=\"LTR\">En relation avec les universit\u00e9s, (USTHB, autres Universit\u00e9s alg\u00e9riennes), le CRAAG accueille\u00a0 dans ses laboratoires des \u00e9tudiants en fin de cycle. Ceux-ci\u00a0\u00a0 viennent y pr\u00e9parer leurs m\u00e9moires d\u2019ing\u00e9nieurs ou leurs th\u00e8ses de magister ou de doctorat. Les sujets trait\u00e9s sont puis\u00e9s\u00a0 dans les th\u00e8mes de recherche du Centre et l\u2019encadrement est assur\u00e9 par des chercheurs du CRAAG.<\/span>\u00a0<\/p><p><span dir=\"LTR\">Le CRAAG favorise le perfectionnement de ses chercheurs, ing\u00e9nieurs et techniciens par divers moyens\u00a0:<\/span><\/p><p>Formation de longue dur\u00e9e d\u00e9bouchant sur un doctorat dans le cadre de bourses de coop\u00e9ration.\u00a0\u00a0\u00a0\u00a0\u00a0\u00a0\u00a0\u00a0\u00a0\u00a0\u00a0\u00a0\u00a0<\/p><p>Formation de courtes dur\u00e9e sous forme de stages, ou de participation \u00e0 des rencontres scientifiques telles que colloques, congr\u00e8s, s\u00e9minaires, symposiums..\u00a0<\/p><p><strong><u>LA\u00a0VALORISATION\u00a0<\/u><\/strong>\u00a0<\/p><p>Depuis sa cr\u00e9ation le CRAAG s\u2019est attel\u00e9 \u00e0 valoriser les diff\u00e9rents travaux effectu\u00e9s dans ses laboratoires.<\/p><p>C\u2019est ainsi que dans le cadre de la recherche, le Centre a \u00e9dit\u00e9 de nombreuses publications scientifiques aujourd\u2019hui r\u00e9f\u00e9rences dans les domaines de la Sismologie, de la G\u00e9ophysique ou de l\u2019Astronomie.<\/p><p>D\u2019autre part de nombreux bulletins sismiques sont \u00e9dit\u00e9s servant de r\u00e9f\u00e9rence pour des travaux dans le domaine de la r\u00e9duction du risque sismique.<\/p><p>Depuis de nombreuses ann\u00e9es, le CRAAG a tiss\u00e9 de nombreuses relations avec le secteur socio-\u00e9conomique puisque les travaux du Centre servent dans le domaine du G\u00e9nie Parasismique (code parasismique), dans la d\u00e9termination des Al\u00e9as r\u00e9gionaux, les travaux de micozonation.<\/p><p>Les travaux du CRAAG servent \u00e9galement de r\u00e9f\u00e9rence dans la d\u00e9termination des \u00e9ph\u00e9m\u00e9rides utiles ainsi pour le Minist\u00e8re des affaires religieuses\u2026<\/p><p>Le CRAAG est \u00e9galement impliqu\u00e9 dans la sensibilisation des populations puisque des visites de notre centre sont organis\u00e9es\u00a0 pour les \u00e9tablissements scolaires, des journ\u00e9es portes ouvertes son organis\u00e9es \u00e9galement dans les wilayas du pays (Guelma, Tiaret\u00a0\u2026). Des brochures et une lettre ont \u00e9t\u00e9 \u00e9dit\u00e9es pour une meilleure sensibilisation.<\/p><p>Des \u00e9missions radiophoniques et t\u00e9l\u00e9vis\u00e9es sont parfois r\u00e9alis\u00e9es pour informer le grand\u00a0 public sur les activit\u00e9s scientifiques du Centre et plus particuli\u00e8rement sur la probl\u00e9matique du risque sismique\u00a0<\/p><p><strong><u>DIFFUSION DE L\u2019INFORMATION<\/u><\/strong><\/p><p>Celle-ci se fait par le biais de la participation des chercheurs aux symposiums, colloques, s\u00e9minaires nationaux et internationaux. Ceci se fait \u00e9galement par le biais de conf\u00e9rences, journ\u00e9es portes ouvertes et documentation.<\/p>\t\t\t\t\t\t<\/div>\n\t\t\t\t<\/div>\n\t\t\t\t\t<\/div>\n\t\t<\/div>\n\t\t\t\t\t<\/div>\n\t\t<\/section>\n\t\t\t\t<\/div>\n\t\t","protected":false},"excerpt":{"rendered":"<p>Activit\u00e9s Scientifiques Les activit\u00e9s du CRAAG se concentrent sur plusieurs domaines DOMAINE DE RECHERCHE SCIENTIFIQUE Les principaux th\u00e8mes de\u00a0 recherche abord\u00e9s au CRAAG sont les suivants\u00a0: D\u2019assurer la surveillance sismique du territoire\u00a0 national de fa\u00e7on permanente et d\u2019\u00e9tablir les liaisons n\u00e9cessaires avec les autorit\u00e9s comp\u00e9tentes et les structures op\u00e9rationnelles concern\u00e9es\u00a0; D\u2019\u00e9tendre et de densifier le [&hellip;]<\/p>\n","protected":false},"author":1,"featured_media":0,"parent":0,"menu_order":0,"comment_status":"closed","ping_status":"closed","template":"","meta":{"site-sidebar-layout":"no-sidebar","site-content-layout":"page-builder","ast-site-content-layout":"full-width-container","site-content-style":"default","site-sidebar-style":"default","ast-global-header-display":"","ast-banner-title-visibility":"","ast-main-header-display":"","ast-hfb-above-header-display":"","ast-hfb-below-header-display":"","ast-hfb-mobile-header-display":"","site-post-title":"disabled","ast-breadcrumbs-content":"","ast-featured-img":"disabled","footer-sml-layout":"","theme-transparent-header-meta":"","adv-header-id-meta":"","stick-header-meta":"","header-above-stick-meta":"","header-main-stick-meta":"","header-below-stick-meta":"","astra-migrate-meta-layouts":"default","ast-page-background-enabled":"default","ast-page-background-meta":{"desktop":{"background-color":"var(--ast-global-color-4)","background-image":"","background-repeat":"repeat","background-position":"center center","background-size":"auto","background-attachment":"scroll","background-type":"","background-media":"","overlay-type":"","overlay-color":"","overlay-opacity":"","overlay-gradient":""},"tablet":{"background-color":"","background-image":"","background-repeat":"repeat","background-position":"center center","background-size":"auto","background-attachment":"scroll","background-type":"","background-media":"","overlay-type":"","overlay-color":"","overlay-opacity":"","overlay-gradient":""},"mobile":{"background-color":"","background-image":"","background-repeat":"repeat","background-position":"center center","background-size":"auto","background-attachment":"scroll","background-type":"","background-media":"","overlay-type":"","overlay-color":"","overlay-opacity":"","overlay-gradient":""}},"ast-content-background-meta":{"desktop":{"background-color":"var(--ast-global-color-5)","background-image":"","background-repeat":"repeat","background-position":"center center","background-size":"auto","background-attachment":"scroll","background-type":"","background-media":"","overlay-type":"","overlay-color":"","overlay-opacity":"","overlay-gradient":""},"tablet":{"background-color":"var(--ast-global-color-5)","background-image":"","background-repeat":"repeat","background-position":"center center","background-size":"auto","background-attachment":"scroll","background-type":"","background-media":"","overlay-type":"","overlay-color":"","overlay-opacity":"","overlay-gradient":""},"mobile":{"background-color":"var(--ast-global-color-5)","background-image":"","background-repeat":"repeat","background-position":"center center","background-size":"auto","background-attachment":"scroll","background-type":"","background-media":"","overlay-type":"","overlay-color":"","overlay-opacity":"","overlay-gradient":""}},"footnotes":""},"class_list":["post-2680","page","type-page","status-publish","hentry"],"_links":{"self":[{"href":"https:\/\/www.craag.dz\/index.php\/wp-json\/wp\/v2\/pages\/2680"}],"collection":[{"href":"https:\/\/www.craag.dz\/index.php\/wp-json\/wp\/v2\/pages"}],"about":[{"href":"https:\/\/www.craag.dz\/index.php\/wp-json\/wp\/v2\/types\/page"}],"author":[{"embeddable":true,"href":"https:\/\/www.craag.dz\/index.php\/wp-json\/wp\/v2\/users\/1"}],"replies":[{"embeddable":true,"href":"https:\/\/www.craag.dz\/index.php\/wp-json\/wp\/v2\/comments?post=2680"}],"version-history":[{"count":6,"href":"https:\/\/www.craag.dz\/index.php\/wp-json\/wp\/v2\/pages\/2680\/revisions"}],"predecessor-version":[{"id":7039,"href":"https:\/\/www.craag.dz\/index.php\/wp-json\/wp\/v2\/pages\/2680\/revisions\/7039"}],"wp:attachment":[{"href":"https:\/\/www.craag.dz\/index.php\/wp-json\/wp\/v2\/media?parent=2680"}],"curies":[{"name":"wp","href":"https:\/\/api.w.org\/{rel}","templated":true}]}}