{"id":2682,"date":"2022-04-26T13:55:47","date_gmt":"2022-04-26T12:55:47","guid":{"rendered":"https:\/\/www.craag.dz\/teste\/?page_id=2682"},"modified":"2024-07-22T14:52:17","modified_gmt":"2024-07-22T13:52:17","slug":"formations-soutenances","status":"publish","type":"page","link":"https:\/\/www.craag.dz\/index.php\/formations-soutenances\/","title":{"rendered":"La formation"},"content":{"rendered":"\t\t<div data-elementor-type=\"wp-page\" data-elementor-id=\"2682\" class=\"elementor elementor-2682\">\n\t\t\t\t\t\t<section class=\"has_eae_slider elementor-section elementor-top-section elementor-element elementor-element-085c5ce elementor-section-boxed elementor-section-height-default elementor-section-height-default\" data-id=\"085c5ce\" data-element_type=\"section\">\n\t\t\t\t\t\t<div class=\"elementor-container elementor-column-gap-default\">\n\t\t\t\t\t<div class=\"has_eae_slider elementor-column elementor-col-100 elementor-top-column elementor-element elementor-element-e087c41\" data-id=\"e087c41\" data-element_type=\"column\">\n\t\t\t<div class=\"elementor-widget-wrap elementor-element-populated\">\n\t\t\t\t\t\t<div class=\"elementor-element elementor-element-0e5144a elementor-widget elementor-widget-spacer\" data-id=\"0e5144a\" data-element_type=\"widget\" data-widget_type=\"spacer.default\">\n\t\t\t\t<div class=\"elementor-widget-container\">\n\t\t\t\t\t<div class=\"elementor-spacer\">\n\t\t\t<div class=\"elementor-spacer-inner\"><\/div>\n\t\t<\/div>\n\t\t\t\t<\/div>\n\t\t\t\t<\/div>\n\t\t\t\t<div class=\"elementor-element elementor-element-34cbe25 elementor-widget elementor-widget-heading\" data-id=\"34cbe25\" data-element_type=\"widget\" data-widget_type=\"heading.default\">\n\t\t\t\t<div class=\"elementor-widget-container\">\n\t\t\t<h2 class=\"elementor-heading-title elementor-size-default\">La formation<\/h2>\t\t<\/div>\n\t\t\t\t<\/div>\n\t\t\t\t<div class=\"elementor-element elementor-element-cf4a15e elementor-widget elementor-widget-text-editor\" data-id=\"cf4a15e\" data-element_type=\"widget\" data-widget_type=\"text-editor.default\">\n\t\t\t\t<div class=\"elementor-widget-container\">\n\t\t\t\t\t\t\t<p><span style=\"color: #000000; font-family: Arial; font-size: medium;\">Le CRAAG se consacre principalement \u00e0 l\u2019activit\u00e9 de recherche. N\u00e9anmoins, le Centre participe activement \u00e0 la formation des jeunes chercheurs en y contribuant par diff\u00e9rentes actions\u00a0:\u00a0<\/span><\/p><p><span style=\"color: #000000; font-family: Arial;\"><span dir=\"LTR\"><span style=\"font-size: medium;\">Participation des chercheurs du CRAAG aux enseignements de sp\u00e9cialit\u00e9 (G\u00e9ophysique, Astrophysique) dispens\u00e9s \u00e0 l\u2019Universit\u00e9<\/span><\/span><span style=\"font-size: medium;\">\u00a0\u00a0\u00a0\u00a0\u00a0\u00a0\u00a0\u00a0<\/span><\/span><\/p><p><span style=\"color: #000000; font-family: Arial;\"><span dir=\"LTR\"><span style=\"font-size: medium;\">En relation avec les universit\u00e9s, (USTHB, autres Universit\u00e9s alg\u00e9riennes), le CRAAG accueille\u00a0 dans ses laboratoires des \u00e9tudiants en fin de cycle. Ceux-ci\u00a0\u00a0 viennent y pr\u00e9parer leurs m\u00e9moires d\u2019ing\u00e9nieur et master ou leurs th\u00e8ses de doctorat. Les sujets trait\u00e9s sont puis\u00e9s\u00a0 dans les th\u00e8mes de recherche du Centre et l\u2019encadrement est assur\u00e9 par des chercheurs du CRAAG.<\/span><\/span><span style=\"font-size: medium;\">\u00a0<\/span><\/span><\/p><p><span dir=\"LTR\"><span style=\"color: #000000; font-family: Arial; font-size: medium;\">Le CRAAG favorise le perfectionnement de ses chercheurs, ing\u00e9nieurs et techniciens par divers moyens\u00a0:<\/span><\/span><\/p><p><span style=\"color: #000000; font-family: Arial; font-size: medium;\">Formation de longue dur\u00e9e d\u00e9bouchant sur un doctorat dans le cadre de bourses de coop\u00e9ration.\u00a0\u00a0\u00a0\u00a0\u00a0\u00a0\u00a0\u00a0\u00a0\u00a0\u00a0\u00a0\u00a0<\/span><\/p><p><span style=\"color: #000000; font-family: Arial; font-size: medium;\">Formation de courtes dur\u00e9e sous forme de stages, ou de participation \u00e0 des rencontres scientifiques telles que colloques, congr\u00e8s, s\u00e9minaires, symposiums.<\/span><\/p>\t\t\t\t\t\t<\/div>\n\t\t\t\t<\/div>\n\t\t\t\t\t<\/div>\n\t\t<\/div>\n\t\t\t\t\t<\/div>\n\t\t<\/section>\n\t\t\t\t<\/div>\n\t\t","protected":false},"excerpt":{"rendered":"<p>La formation Le CRAAG se consacre principalement \u00e0 l\u2019activit\u00e9 de recherche. N\u00e9anmoins, le Centre participe activement \u00e0 la formation des jeunes chercheurs en y contribuant par diff\u00e9rentes actions\u00a0:\u00a0 Participation des chercheurs du CRAAG aux enseignements de sp\u00e9cialit\u00e9 (G\u00e9ophysique, Astrophysique) dispens\u00e9s \u00e0 l\u2019Universit\u00e9\u00a0\u00a0\u00a0\u00a0\u00a0\u00a0\u00a0\u00a0 En relation avec les universit\u00e9s, (USTHB, autres Universit\u00e9s alg\u00e9riennes), le CRAAG accueille\u00a0 dans [&hellip;]<\/p>\n","protected":false},"author":1,"featured_media":0,"parent":0,"menu_order":0,"comment_status":"closed","ping_status":"closed","template":"","meta":{"site-sidebar-layout":"no-sidebar","site-content-layout":"page-builder","ast-site-content-layout":"full-width-container","site-content-style":"default","site-sidebar-style":"default","ast-global-header-display":"","ast-banner-title-visibility":"","ast-main-header-display":"","ast-hfb-above-header-display":"","ast-hfb-below-header-display":"","ast-hfb-mobile-header-display":"","site-post-title":"disabled","ast-breadcrumbs-content":"","ast-featured-img":"disabled","footer-sml-layout":"","theme-transparent-header-meta":"","adv-header-id-meta":"","stick-header-meta":"","header-above-stick-meta":"","header-main-stick-meta":"","header-below-stick-meta":"","astra-migrate-meta-layouts":"set","ast-page-background-enabled":"default","ast-page-background-meta":{"desktop":{"background-color":"var(--ast-global-color-4)","background-image":"","background-repeat":"repeat","background-position":"center center","background-size":"auto","background-attachment":"scroll","background-type":"","background-media":"","overlay-type":"","overlay-color":"","overlay-opacity":"","overlay-gradient":""},"tablet":{"background-color":"","background-image":"","background-repeat":"repeat","background-position":"center center","background-size":"auto","background-attachment":"scroll","background-type":"","background-media":"","overlay-type":"","overlay-color":"","overlay-opacity":"","overlay-gradient":""},"mobile":{"background-color":"","background-image":"","background-repeat":"repeat","background-position":"center center","background-size":"auto","background-attachment":"scroll","background-type":"","background-media":"","overlay-type":"","overlay-color":"","overlay-opacity":"","overlay-gradient":""}},"ast-content-background-meta":{"desktop":{"background-color":"var(--ast-global-color-5)","background-image":"","background-repeat":"repeat","background-position":"center center","background-size":"auto","background-attachment":"scroll","background-type":"","background-media":"","overlay-type":"","overlay-color":"","overlay-opacity":"","overlay-gradient":""},"tablet":{"background-color":"var(--ast-global-color-5)","background-image":"","background-repeat":"repeat","background-position":"center center","background-size":"auto","background-attachment":"scroll","background-type":"","background-media":"","overlay-type":"","overlay-color":"","overlay-opacity":"","overlay-gradient":""},"mobile":{"background-color":"var(--ast-global-color-5)","background-image":"","background-repeat":"repeat","background-position":"center center","background-size":"auto","background-attachment":"scroll","background-type":"","background-media":"","overlay-type":"","overlay-color":"","overlay-opacity":"","overlay-gradient":""}},"footnotes":""},"class_list":["post-2682","page","type-page","status-publish","hentry"],"_links":{"self":[{"href":"https:\/\/www.craag.dz\/index.php\/wp-json\/wp\/v2\/pages\/2682"}],"collection":[{"href":"https:\/\/www.craag.dz\/index.php\/wp-json\/wp\/v2\/pages"}],"about":[{"href":"https:\/\/www.craag.dz\/index.php\/wp-json\/wp\/v2\/types\/page"}],"author":[{"embeddable":true,"href":"https:\/\/www.craag.dz\/index.php\/wp-json\/wp\/v2\/users\/1"}],"replies":[{"embeddable":true,"href":"https:\/\/www.craag.dz\/index.php\/wp-json\/wp\/v2\/comments?post=2682"}],"version-history":[{"count":11,"href":"https:\/\/www.craag.dz\/index.php\/wp-json\/wp\/v2\/pages\/2682\/revisions"}],"predecessor-version":[{"id":6049,"href":"https:\/\/www.craag.dz\/index.php\/wp-json\/wp\/v2\/pages\/2682\/revisions\/6049"}],"wp:attachment":[{"href":"https:\/\/www.craag.dz\/index.php\/wp-json\/wp\/v2\/media?parent=2682"}],"curies":[{"name":"wp","href":"https:\/\/api.w.org\/{rel}","templated":true}]}}