{"id":2684,"date":"2022-04-26T13:56:24","date_gmt":"2022-04-26T12:56:24","guid":{"rendered":"https:\/\/www.craag.dz\/teste\/?page_id=2684"},"modified":"2024-05-21T10:32:57","modified_gmt":"2024-05-21T09:32:57","slug":"sensibilisation-public","status":"publish","type":"page","link":"https:\/\/www.craag.dz\/index.php\/sensibilisation-public\/","title":{"rendered":"Sensibilisation Public"},"content":{"rendered":"\t\t<div data-elementor-type=\"wp-page\" data-elementor-id=\"2684\" class=\"elementor elementor-2684\">\n\t\t\t\t\t\t<section class=\"has_eae_slider elementor-section elementor-top-section elementor-element elementor-element-14b69d7 elementor-section-boxed elementor-section-height-default elementor-section-height-default\" data-id=\"14b69d7\" data-element_type=\"section\">\n\t\t\t\t\t\t<div class=\"elementor-container elementor-column-gap-default\">\n\t\t\t\t\t<div class=\"has_eae_slider elementor-column elementor-col-100 elementor-top-column elementor-element elementor-element-f3ac3d4\" data-id=\"f3ac3d4\" data-element_type=\"column\">\n\t\t\t<div class=\"elementor-widget-wrap elementor-element-populated\">\n\t\t\t\t\t\t<div class=\"elementor-element elementor-element-af14c1f elementor-widget elementor-widget-spacer\" data-id=\"af14c1f\" data-element_type=\"widget\" data-widget_type=\"spacer.default\">\n\t\t\t\t<div class=\"elementor-widget-container\">\n\t\t\t\t\t<div class=\"elementor-spacer\">\n\t\t\t<div class=\"elementor-spacer-inner\"><\/div>\n\t\t<\/div>\n\t\t\t\t<\/div>\n\t\t\t\t<\/div>\n\t\t\t\t<div class=\"elementor-element elementor-element-9956cdb elementor-widget elementor-widget-heading\" data-id=\"9956cdb\" data-element_type=\"widget\" data-widget_type=\"heading.default\">\n\t\t\t\t<div class=\"elementor-widget-container\">\n\t\t\t<h2 class=\"elementor-heading-title elementor-size-default\">La Sensibilisation<\/h2>\t\t<\/div>\n\t\t\t\t<\/div>\n\t\t\t\t<div class=\"elementor-element elementor-element-0e2e3dd elementor-widget elementor-widget-text-editor\" data-id=\"0e2e3dd\" data-element_type=\"widget\" data-widget_type=\"text-editor.default\">\n\t\t\t\t<div class=\"elementor-widget-container\">\n\t\t\t\t\t\t\t<p>Le CRAAG est impliqu\u00e9 dans la sensibilisation des populations puisque des visites de notre centre sont organis\u00e9es\u00a0 pour les \u00e9tablissements scolaires, des journ\u00e9es portes ouvertes son organis\u00e9es \u00e9galement dans differents wilayas du pays.<\/p><p>Des brochures et une lettre ont \u00e9t\u00e9 \u00e9dit\u00e9es pour une meilleure sensibilisation.<\/p><p>Des \u00e9missions radiophoniques et t\u00e9l\u00e9vis\u00e9es sont parfois r\u00e9alis\u00e9es pour informer le grand\u00a0 public sur les activit\u00e9s scientifiques du Centre et plus particuli\u00e8rement sur la probl\u00e9matique du risque sismique.<\/p>\t\t\t\t\t\t<\/div>\n\t\t\t\t<\/div>\n\t\t\t\t\t<\/div>\n\t\t<\/div>\n\t\t\t\t\t<\/div>\n\t\t<\/section>\n\t\t\t\t<\/div>\n\t\t","protected":false},"excerpt":{"rendered":"<p>La Sensibilisation Le CRAAG est impliqu\u00e9 dans la sensibilisation des populations puisque des visites de notre centre sont organis\u00e9es\u00a0 pour les \u00e9tablissements scolaires, des journ\u00e9es portes ouvertes son organis\u00e9es \u00e9galement dans differents wilayas du pays. Des brochures et une lettre ont \u00e9t\u00e9 \u00e9dit\u00e9es pour une meilleure sensibilisation. Des \u00e9missions radiophoniques et t\u00e9l\u00e9vis\u00e9es sont parfois r\u00e9alis\u00e9es [&hellip;]<\/p>\n","protected":false},"author":1,"featured_media":0,"parent":0,"menu_order":0,"comment_status":"closed","ping_status":"closed","template":"","meta":{"site-sidebar-layout":"no-sidebar","site-content-layout":"page-builder","ast-site-content-layout":"full-width-container","site-content-style":"default","site-sidebar-style":"default","ast-global-header-display":"","ast-banner-title-visibility":"","ast-main-header-display":"","ast-hfb-above-header-display":"","ast-hfb-below-header-display":"","ast-hfb-mobile-header-display":"","site-post-title":"disabled","ast-breadcrumbs-content":"","ast-featured-img":"disabled","footer-sml-layout":"","theme-transparent-header-meta":"","adv-header-id-meta":"","stick-header-meta":"","header-above-stick-meta":"","header-main-stick-meta":"","header-below-stick-meta":"","astra-migrate-meta-layouts":"default","ast-page-background-enabled":"default","ast-page-background-meta":{"desktop":{"background-color":"var(--ast-global-color-4)","background-image":"","background-repeat":"repeat","background-position":"center center","background-size":"auto","background-attachment":"scroll","background-type":"","background-media":"","overlay-type":"","overlay-color":"","overlay-opacity":"","overlay-gradient":""},"tablet":{"background-color":"","background-image":"","background-repeat":"repeat","background-position":"center center","background-size":"auto","background-attachment":"scroll","background-type":"","background-media":"","overlay-type":"","overlay-color":"","overlay-opacity":"","overlay-gradient":""},"mobile":{"background-color":"","background-image":"","background-repeat":"repeat","background-position":"center center","background-size":"auto","background-attachment":"scroll","background-type":"","background-media":"","overlay-type":"","overlay-color":"","overlay-opacity":"","overlay-gradient":""}},"ast-content-background-meta":{"desktop":{"background-color":"var(--ast-global-color-5)","background-image":"","background-repeat":"repeat","background-position":"center center","background-size":"auto","background-attachment":"scroll","background-type":"","background-media":"","overlay-type":"","overlay-color":"","overlay-opacity":"","overlay-gradient":""},"tablet":{"background-color":"var(--ast-global-color-5)","background-image":"","background-repeat":"repeat","background-position":"center center","background-size":"auto","background-attachment":"scroll","background-type":"","background-media":"","overlay-type":"","overlay-color":"","overlay-opacity":"","overlay-gradient":""},"mobile":{"background-color":"var(--ast-global-color-5)","background-image":"","background-repeat":"repeat","background-position":"center center","background-size":"auto","background-attachment":"scroll","background-type":"","background-media":"","overlay-type":"","overlay-color":"","overlay-opacity":"","overlay-gradient":""}},"footnotes":""},"class_list":["post-2684","page","type-page","status-publish","hentry"],"_links":{"self":[{"href":"https:\/\/www.craag.dz\/index.php\/wp-json\/wp\/v2\/pages\/2684"}],"collection":[{"href":"https:\/\/www.craag.dz\/index.php\/wp-json\/wp\/v2\/pages"}],"about":[{"href":"https:\/\/www.craag.dz\/index.php\/wp-json\/wp\/v2\/types\/page"}],"author":[{"embeddable":true,"href":"https:\/\/www.craag.dz\/index.php\/wp-json\/wp\/v2\/users\/1"}],"replies":[{"embeddable":true,"href":"https:\/\/www.craag.dz\/index.php\/wp-json\/wp\/v2\/comments?post=2684"}],"version-history":[{"count":4,"href":"https:\/\/www.craag.dz\/index.php\/wp-json\/wp\/v2\/pages\/2684\/revisions"}],"predecessor-version":[{"id":5045,"href":"https:\/\/www.craag.dz\/index.php\/wp-json\/wp\/v2\/pages\/2684\/revisions\/5045"}],"wp:attachment":[{"href":"https:\/\/www.craag.dz\/index.php\/wp-json\/wp\/v2\/media?parent=2684"}],"curies":[{"name":"wp","href":"https:\/\/api.w.org\/{rel}","templated":true}]}}